{"id":54,"date":"2022-11-29T12:03:36","date_gmt":"2022-11-29T11:03:36","guid":{"rendered":"http:\/\/du-bois-aux-elfes.onie.be\/chats\/?page_id=54"},"modified":"2025-02-20T20:26:04","modified_gmt":"2025-02-20T19:26:04","slug":"elevage-du-bois-aux-elfes-chats-maine-coon","status":"publish","type":"page","link":"https:\/\/duboisauxelfes.be\/formation\/","title":{"rendered":"Accueil"},"content":{"rendered":"<section style=\"\" class=''>\n    <div style=\"\" class=\"\">\n        <div class=\"w-full h-full pb-12 col hero  before:from-black\/50 after:from-black\/50 \">\n        <div class=\"col-span-12 justify-center z-10 gsap-text gsap-appear mt-24 mobile:mt-[3.4rem]\"><h1 class=\"heading-1 font-secondary\" style=\"text-align: center;\"><span style=\"color: #d0c58a;\">Centre d&rsquo;enseignement cynotechnique sup\u00e9rieur<br \/>\n<\/span><\/h1>\n<h2 class=\"heading-2 font-secondary\" style=\"text-align: center;\"><span style=\"color: #d0c58a;\"><\/span><\/h2>\n<\/div>\n        <div class=\"absolute h-full overflow-hidden col-span-12 w-full justify-center -z-10\">        <picture>\n                            <source data-srcset=\"https:\/\/duboisauxelfes.be\/content\/uploads\/sites\/2\/2022\/11\/3D5A3925.jpg, https:\/\/duboisauxelfes.be\/content\/uploads\/sites\/2\/2022\/11\/3D5A3925.jpg 2x\" media=\"(max-width: 620px)\">\n                            <source data-srcset=\"https:\/\/duboisauxelfes.be\/content\/uploads\/sites\/2\/2022\/11\/3D5A3925.jpg, https:\/\/duboisauxelfes.be\/content\/uploads\/sites\/2\/2022\/11\/3D5A3925.jpg 2x\" media=\"(max-width: 1040px)\">\n                            <source data-srcset=\"https:\/\/duboisauxelfes.be\/content\/uploads\/sites\/2\/2022\/11\/3D5A3925.jpg, https:\/\/duboisauxelfes.be\/content\/uploads\/sites\/2\/2022\/11\/3D5A3925.jpg 2x\" media=\"(max-width: 1440px)\">\n                            <source data-srcset=\"https:\/\/duboisauxelfes.be\/content\/uploads\/sites\/2\/2022\/11\/3D5A3925.jpg, https:\/\/duboisauxelfes.be\/content\/uploads\/sites\/2\/2022\/11\/3D5A3925.jpg 2x\" media=\"(max-width: 1920px)\">\n            \n            <img\n                class='lazyload lazypreload h-full w-full object-cover'                alt=\"\"                    data-srcset=\"https:\/\/duboisauxelfes.be\/content\/uploads\/sites\/2\/2022\/11\/3D5A3925.jpg 1x, https:\/\/duboisauxelfes.be\/content\/uploads\/sites\/2\/2022\/11\/3D5A3925.jpg 2x\"\n                    src=\"https:\/\/duboisauxelfes.be\/content\/uploads\/sites\/2\/2022\/11\/3D5A3925-100x36.jpg\"\/>\n\n        <\/picture>\n        <\/div>\n    <\/div>\n    <\/div>\n    <\/section>\n\n\n<section style=\"--block-pt: 6rem; padding-top: var(--block-pt);--block-pb: 6rem; padding-bottom: var(--block-pb);\" class='text-center'>\n    <div style=\"\" class=\" wrap _with-paddings\">\n        <div class=\"text-content\" oat=\"fade-top\"><p class=\"heading-5 font-secondary\" style=\"text-align: center;\">La cynotechnie est l&rsquo;ensemble des connaissances et des techniques li\u00e9es \u00e0 l&rsquo;\u00e9levage du chien, \u00e0 son \u00e9ducation et \u00e0 sa sociabilisation.<\/span><span style=\"font-size: 2.4rem;\">.<\/span><\/p><\/div>\n    <\/div>\n    <\/section>\n\n\n\n<section style=\"--block-mb: 6rem; margin-bottom: var(--block-mb);\" class=''>\n    <div style=\"\" class=\" wrap-sm _with-paddings\">\n        <div class=\"flex w-full gap-16 relative z-20 tablet:flex-wrap\">\n                        \n            <a href=\"https:\/\/duboisauxelfes.be\/formation\/main-coon\/\"\n               class=\"gsap-translate-bottom rounded-lg overflow-hidden h-full w-full flex relative  aspect-[370\/276] tablet:aspect-[570\/300]  duration-200 group\">\n                <div class=\" h-full w-full after:w-full after:h-full after:bg-gradient-to-t after:from-main\/10 after:absolute after:-translate-y-full\">        <picture>\n                            <source data-srcset=\"https:\/\/duboisauxelfes.be\/content\/uploads\/sites\/2\/2022\/11\/3D5A3659.jpg, https:\/\/duboisauxelfes.be\/content\/uploads\/sites\/2\/2022\/11\/3D5A3659.jpg 2x\" media=\"(max-width: 620px)\">\n                            <source data-srcset=\"https:\/\/duboisauxelfes.be\/content\/uploads\/sites\/2\/2022\/11\/3D5A3659.jpg, https:\/\/duboisauxelfes.be\/content\/uploads\/sites\/2\/2022\/11\/3D5A3659.jpg 2x\" media=\"(max-width: 1040px)\">\n                            <source data-srcset=\"https:\/\/duboisauxelfes.be\/content\/uploads\/sites\/2\/2022\/11\/3D5A3659.jpg, https:\/\/duboisauxelfes.be\/content\/uploads\/sites\/2\/2022\/11\/3D5A3659.jpg 2x\" media=\"(max-width: 1440px)\">\n                            <source data-srcset=\"https:\/\/duboisauxelfes.be\/content\/uploads\/sites\/2\/2022\/11\/3D5A3659.jpg, https:\/\/duboisauxelfes.be\/content\/uploads\/sites\/2\/2022\/11\/3D5A3659.jpg 2x\" media=\"(max-width: 1920px)\">\n            \n            <img\n                class='lazyload lazypreload h-full w-full object-cover object center'                alt=\"\"                    data-srcset=\"https:\/\/duboisauxelfes.be\/content\/uploads\/sites\/2\/2022\/11\/3D5A3659.jpg 1x, https:\/\/duboisauxelfes.be\/content\/uploads\/sites\/2\/2022\/11\/3D5A3659.jpg 2x\"\n                    src=\"https:\/\/duboisauxelfes.be\/content\/uploads\/sites\/2\/2022\/11\/3D5A3659-100x62.jpg\"\/>\n\n        <\/picture>\n        <\/div>\n                <div class=\"absolute leading-3 self-end p-10 after:absolute after:top-full after:duration-200 after:content-['D\u00e9couvrir'] transition-all duration-400 group-hover:-translate-y-20 after:bg-white after:text-black after:text-xs group-hover:after:top-[90%] after:left-10 after:py-5 after:px-4 after:transition-all after:duration-400\"><p class=\"heading-6 font-secondary\"><span style=\"color: #d0c58a;\"><\/span><\/p>\n<p><span class=\"heading-4 font-secondary\" style=\"color: #ffffff;\"><\/span><\/p>\n<\/div>\n            <\/a>\n\n            <\/div>\n    <\/div>\n    <\/section>\n\n\n\n<section style=\"--block-pb: 12rem; padding-bottom: var(--block-pb);\" class='description-image relative'>\n    <div style=\"\" class=\" wrap _with-paddings\">\n        <ul class=\"col flex-col list-none gap-12 wrap _with-paddings z-30  bg-transparent \">\n        <li class=\"col-span-5 tablet:col-span-12 desktop:col-span-5 gsap-translate-left\">\n            <div class=\"text-content\"><h3 class=\"heading-2 font-secondary font-extralight\">Devenez technicien(ne) d&rsquo;\u00e9levage.<\/h3>\n<\/div>\n                    <\/li>\n        <li class=\"col-span-7 desktop:col-span-12\">\n            <div class=\"text-content leading-loose gsap-translate-right\"><p>Depuis 2018, dans notre centre d&rsquo;enseignement, nous formons les jeunes candidats v\u00e9t\u00e9rinaires, \u00e9leveurs professionnels, et soigneurs animaliers aux diff\u00e9rentes techniques de l&rsquo;\u00e9levage canin : s\u00e9lection, reproduction, mise-bas, suivi des nouveaux-n\u00e9s, soins journaliers \u00e0 l&rsquo;ensemble des animaux, nettoyage et d\u00e9sinfection, premiers secours, nourrissage, distributions de vermifuges ou autres m\u00e9dicaments, l\u00e9gislation et administration, notamment.<br \/>\nNous proposons \u00e9galement des stages en soins animaliers.<\/p>\n<p>&nbsp;<\/p>\n<p>L&rsquo;atout de notre centre est de plonger les jeunes dans le quotidien de la vie d&rsquo;un \u00e9leveur professionnel, qui d\u00e9tient un nombre d&rsquo;animaux suffisants que pour pouvoir \u00eatre actif tous les jours de l&rsquo;ann\u00e9e. En Belgique, nous sommes la seule institution \u00e0 m\u00eame de proposer ce service.<\/p>\n<\/div>\n        <\/li>\n    <\/ul>\n    <\/div>\n    <\/section>\n\n\n\n<section style=\"--block-mb: 4rem; margin-bottom: var(--block-mb);--block-pt: 8rem; padding-top: var(--block-pt);--block-pb: 2rem; padding-bottom: var(--block-pb);\" class='relative z-20'>\n    <div style=\"\" class=\" wrap-md _with-paddings\">\n        <div class=\"text-content\" oat=\"fade-top\"><p><img decoding=\"async\" class=\"size-full wp-image-19 aligncenter\" style=\"margin: 0 auto;\" src=\"http:\/\/du-bois-aux-elfes.onie.be\/content\/uploads\/sites\/2\/2022\/11\/decos.svg\" alt=\"\" \/><\/p>\n<h3 class=\"heading-3 font-secondary\" style=\"text-align: center;\">Pour qui ?<\/h3>\n<p class=\"heading-6\" style=\"text-align: center;\">Candidats v\u00e9t\u00e9rinaires \/ assistants v\u00e9t\u00e9rinaire : stage d&rsquo;immersion en milieu animalier (SIMA)<br \/>\nEl\u00e8ves en soins animaliers \/ \u00e9leveur (IFAPME, CEFA, &#8230;) : stage de pratique professionnelle<br \/>\nCandidats \u00e9trangers : contrat p\u00e9dagogique ERASMUS &#8211; Mobilit\u00e9s de l&rsquo;enseignement sup\u00e9rieur<\/p><\/div>\n    <\/div>\n    <\/section>\n\n\n\n<section style=\"--block-mb: 7rem; margin-bottom: var(--block-mb);\" class=''>\n    <div style=\"\" class=\" wrap _with-paddings\">\n        <div class=\"  flex  w-full gap-10 relative col aspect-[1170\/407] gsap-appear\">\n            <div class=\"w-full  \">        <picture>\n                            <source data-srcset=\"https:\/\/duboisauxelfes.be\/content\/uploads\/sites\/2\/2024\/12\/A8EA3475-6DD5-4462-A12D-A92348AB18E4_1_105_c-620x465.jpeg, https:\/\/duboisauxelfes.be\/content\/uploads\/sites\/2\/2024\/12\/A8EA3475-6DD5-4462-A12D-A92348AB18E4_1_105_c.jpeg 2x\" media=\"(max-width: 620px)\">\n                            <source data-srcset=\"https:\/\/duboisauxelfes.be\/content\/uploads\/sites\/2\/2024\/12\/A8EA3475-6DD5-4462-A12D-A92348AB18E4_1_105_c.jpeg, https:\/\/duboisauxelfes.be\/content\/uploads\/sites\/2\/2024\/12\/A8EA3475-6DD5-4462-A12D-A92348AB18E4_1_105_c.jpeg 2x\" media=\"(max-width: 1040px)\">\n                            <source data-srcset=\"https:\/\/duboisauxelfes.be\/content\/uploads\/sites\/2\/2024\/12\/A8EA3475-6DD5-4462-A12D-A92348AB18E4_1_105_c.jpeg, https:\/\/duboisauxelfes.be\/content\/uploads\/sites\/2\/2024\/12\/A8EA3475-6DD5-4462-A12D-A92348AB18E4_1_105_c.jpeg 2x\" media=\"(max-width: 1440px)\">\n                            <source data-srcset=\"https:\/\/duboisauxelfes.be\/content\/uploads\/sites\/2\/2024\/12\/A8EA3475-6DD5-4462-A12D-A92348AB18E4_1_105_c.jpeg, https:\/\/duboisauxelfes.be\/content\/uploads\/sites\/2\/2024\/12\/A8EA3475-6DD5-4462-A12D-A92348AB18E4_1_105_c.jpeg 2x\" media=\"(max-width: 1920px)\">\n            \n            <img\n                class='lazyload lazypreload h-full w-full object-cover object center'                alt=\"\"                    data-srcset=\"https:\/\/duboisauxelfes.be\/content\/uploads\/sites\/2\/2024\/12\/A8EA3475-6DD5-4462-A12D-A92348AB18E4_1_105_c.jpeg 1x, https:\/\/duboisauxelfes.be\/content\/uploads\/sites\/2\/2024\/12\/A8EA3475-6DD5-4462-A12D-A92348AB18E4_1_105_c.jpeg 2x\"\n                    src=\"https:\/\/duboisauxelfes.be\/content\/uploads\/sites\/2\/2024\/12\/A8EA3475-6DD5-4462-A12D-A92348AB18E4_1_105_c-100x75.jpeg\"\/>\n\n        <\/picture>\n        <\/div>\n            <div class=\"w-full  \">        <picture>\n                            <source data-srcset=\"https:\/\/duboisauxelfes.be\/content\/uploads\/sites\/2\/2024\/12\/IMG_3020-620x827.jpeg, https:\/\/duboisauxelfes.be\/content\/uploads\/sites\/2\/2024\/12\/IMG_3020-1240x1653.jpeg 2x\" media=\"(max-width: 620px)\">\n                            <source data-srcset=\"https:\/\/duboisauxelfes.be\/content\/uploads\/sites\/2\/2024\/12\/IMG_3020-1040x1387.jpeg, https:\/\/duboisauxelfes.be\/content\/uploads\/sites\/2\/2024\/12\/IMG_3020-2080x2773.jpeg 2x\" media=\"(max-width: 1040px)\">\n                            <source data-srcset=\"https:\/\/duboisauxelfes.be\/content\/uploads\/sites\/2\/2024\/12\/IMG_3020-1440x1920.jpeg, https:\/\/duboisauxelfes.be\/content\/uploads\/sites\/2\/2024\/12\/IMG_3020-2880x3840.jpeg 2x\" media=\"(max-width: 1440px)\">\n                            <source data-srcset=\"https:\/\/duboisauxelfes.be\/content\/uploads\/sites\/2\/2024\/12\/IMG_3020-1920x2560.jpeg, https:\/\/duboisauxelfes.be\/content\/uploads\/sites\/2\/2024\/12\/IMG_3020-scaled.jpeg 2x\" media=\"(max-width: 1920px)\">\n            \n            <img\n                class='lazyload lazypreload h-full w-full object-cover object center'                alt=\"\"                    data-srcset=\"https:\/\/duboisauxelfes.be\/content\/uploads\/sites\/2\/2024\/12\/IMG_3020-1920x2560.jpeg 1x, https:\/\/duboisauxelfes.be\/content\/uploads\/sites\/2\/2024\/12\/IMG_3020-scaled.jpeg 2x\"\n                    src=\"https:\/\/duboisauxelfes.be\/content\/uploads\/sites\/2\/2024\/12\/IMG_3020-100x133.jpeg\"\/>\n\n        <\/picture>\n        <\/div>\n        <\/div>\n    <\/div>\n    <\/section>\n\n\n\n\n<section style=\"\" class=''>\n    <div style=\"\" class=\" wrap-xl _with-paddings\">\n        <div class=\"relative\">\n        <div class=\"wrap-md _with-paddings flex flex-col items-center pt-40 overflow-hidden\">\n            <h2><p class=\"heading-3 font-secondary\" style=\"text-align: center;\"><span style=\"color: #ffffff;\">Le Domaine du Bois aux Elfes<\/span><\/p>\n<\/h2>\n            <svg\n        class=\"fill-greenSemiLight my-16\"         style=\"--ratio: 0.2796958487464; --width: 6rem; --height: 1.6781750924784rem; width: var(--width); height: var(--height);\"         viewBox=\"0 0 29.196 8.166\">\n    <use xlink:href='#menu__current--optimized'><\/use>\n<\/svg>\n            <div class=\"text-content\"><p style=\"text-align: center;\"><span style=\"color: #ffffff;\">Un domaine autonome sur le territoire de la commune de Marche-en-Famenne (Belgique).<\/span><br \/>\n<span style=\"color: #ffffff;\">Une ferme, un \u00e9levage, un centre d&rsquo;enseignement cynotechnique sup\u00e9rieur, une agriculture raisonn\u00e9e, naturelle et p\u00e9renne.<\/span><br \/>\n<span style=\"color: #ffffff;\">Respect, libert\u00e9, bien-\u00eatre, sauvegarde &amp; autonomie : ces valeurs entourent notre philosophie de vie. Ce sont elles qui d\u00e9finissent les contours de domaine autonome. Tout ce que nous entreprenons se fait dans le respect profond de la nature et de l\u2019animal afin de transmettre notre passion.<\/span><\/p>\n<\/div>\n            <div class=\"flex justify-center\">\n                <div class='list-of-buttons' >\n                                <a class='butt _light' target=\"_blank\" href=\"http:\/\/du-bois-aux-elfes.onie.be\/\">\n\n<span class=\"butt__text\" >Voir le site du Domaine<\/span>\n<\/a>\n            <\/div>\n            <\/div>\n            <svg\n        class=\"fill-greenSemiLight translate-y-1\/2\"         style=\"--ratio: 1.5790348035551; --width: 7rem; --height: 11.053243624886rem; width: var(--width); height: var(--height);\"         viewBox=\"0 0 132.429 209.11\">\n    <use xlink:href='#logo--optimized'><\/use>\n<\/svg>\n        <\/div>\n                    <div class=\"absolute top-0 left-0 -z-10 w-full h-full before:bg-primary\/80 before:absolute before:top-0 before:left-0 before:h-full before:w-full\">\n                        <picture>\n                            <source data-srcset=\"https:\/\/duboisauxelfes.be\/content\/uploads\/sites\/2\/2023\/08\/pers3-620x249.jpg, https:\/\/duboisauxelfes.be\/content\/uploads\/sites\/2\/2023\/08\/pers3-1240x498.jpg 2x\" media=\"(max-width: 620px)\">\n                            <source data-srcset=\"https:\/\/duboisauxelfes.be\/content\/uploads\/sites\/2\/2023\/08\/pers3-1040x418.jpg, https:\/\/duboisauxelfes.be\/content\/uploads\/sites\/2\/2023\/08\/pers3.jpg 2x\" media=\"(max-width: 1040px)\">\n                            <source data-srcset=\"https:\/\/duboisauxelfes.be\/content\/uploads\/sites\/2\/2023\/08\/pers3-1440x578.jpg, https:\/\/duboisauxelfes.be\/content\/uploads\/sites\/2\/2023\/08\/pers3.jpg 2x\" media=\"(max-width: 1440px)\">\n                            <source data-srcset=\"https:\/\/duboisauxelfes.be\/content\/uploads\/sites\/2\/2023\/08\/pers3.jpg, https:\/\/duboisauxelfes.be\/content\/uploads\/sites\/2\/2023\/08\/pers3.jpg 2x\" media=\"(max-width: 1920px)\">\n            \n            <img\n                class='lazyload lazypreload h-full w-full object-cover object-center'                alt=\"\"                    data-srcset=\"https:\/\/duboisauxelfes.be\/content\/uploads\/sites\/2\/2023\/08\/pers3.jpg 1x, https:\/\/duboisauxelfes.be\/content\/uploads\/sites\/2\/2023\/08\/pers3.jpg 2x\"\n                    src=\"https:\/\/duboisauxelfes.be\/content\/uploads\/sites\/2\/2023\/08\/pers3-100x40.jpg\"\/>\n\n        <\/picture>\n        \n            <\/div>\n            <\/div>\n    <\/div>\n    <\/section>\n\n","protected":false},"excerpt":{"rendered":"","protected":false},"author":2,"featured_media":0,"parent":0,"menu_order":0,"comment_status":"closed","ping_status":"closed","template":"","meta":[],"yoast_head":"<!-- This site is optimized with the Yoast SEO plugin v20.6 - https:\/\/yoast.com\/wordpress\/plugins\/seo\/ -->\n<title>Du bois aux elfes - chats - Maine Coon<\/title>\n<meta name=\"description\" content=\"Passionn\u00e9s &amp; attentionn\u00e9s, nous apportons \u00e0 nos chatons beaucoup d\u2019amour et de tendresse jusqu\u2019\u00e0 ce qu\u2019ils puissent trouver leur nouvelle place dans votre famille. Nous sommes une petite chatterie familiale, agr\u00e9\u00e9e par le D\u00e9partement Bien-\u00eatre animal de la R\u00e9gion Wallonne sous le num\u00e9ro HK0280081.\" \/>\n<meta name=\"robots\" content=\"index, follow, max-snippet:-1, max-image-preview:large, max-video-preview:-1\" \/>\n<link rel=\"canonical\" href=\"https:\/\/duboisauxelfes.be\/formation\/\" \/>\n<meta property=\"og:locale\" content=\"fr_FR\" \/>\n<meta property=\"og:type\" content=\"article\" \/>\n<meta property=\"og:title\" content=\"Du bois aux elfes - chats - Maine Coon\" \/>\n<meta property=\"og:description\" content=\"Passionn\u00e9s &amp; attentionn\u00e9s, nous apportons \u00e0 nos chatons beaucoup d\u2019amour et de tendresse jusqu\u2019\u00e0 ce qu\u2019ils puissent trouver leur nouvelle place dans votre famille. Nous sommes une petite chatterie familiale, agr\u00e9\u00e9e par le D\u00e9partement Bien-\u00eatre animal de la R\u00e9gion Wallonne sous le num\u00e9ro HK0280081.\" \/>\n<meta property=\"og:url\" content=\"https:\/\/duboisauxelfes.be\/formation\/\" \/>\n<meta property=\"og:site_name\" content=\"\u00c9levage du Bois aux Elfes - formation\" \/>\n<meta property=\"article:modified_time\" content=\"2025-02-20T19:26:04+00:00\" \/>\n<meta name=\"twitter:card\" content=\"summary_large_image\" \/>\n<script type=\"application\/ld+json\" class=\"yoast-schema-graph\">{\"@context\":\"https:\/\/schema.org\",\"@graph\":[{\"@type\":\"WebPage\",\"@id\":\"https:\/\/duboisauxelfes.be\/formation\/\",\"url\":\"https:\/\/duboisauxelfes.be\/formation\/\",\"name\":\"Du bois aux elfes - chats - Maine Coon\",\"isPartOf\":{\"@id\":\"https:\/\/duboisauxelfes.be\/formation\/#website\"},\"datePublished\":\"2022-11-29T11:03:36+00:00\",\"dateModified\":\"2025-02-20T19:26:04+00:00\",\"description\":\"Passionn\u00e9s & attentionn\u00e9s, nous apportons \u00e0 nos chatons beaucoup d\u2019amour et de tendresse jusqu\u2019\u00e0 ce qu\u2019ils puissent trouver leur nouvelle place dans votre famille. Nous sommes une petite chatterie familiale, agr\u00e9\u00e9e par le D\u00e9partement Bien-\u00eatre animal de la R\u00e9gion Wallonne sous le num\u00e9ro HK0280081.\",\"breadcrumb\":{\"@id\":\"https:\/\/duboisauxelfes.be\/formation\/#breadcrumb\"},\"inLanguage\":\"fr-FR\",\"potentialAction\":[{\"@type\":\"ReadAction\",\"target\":[\"https:\/\/duboisauxelfes.be\/formation\/\"]}]},{\"@type\":\"BreadcrumbList\",\"@id\":\"https:\/\/duboisauxelfes.be\/formation\/#breadcrumb\",\"itemListElement\":[{\"@type\":\"ListItem\",\"position\":1,\"name\":\"Home\",\"item\":\"https:\/\/duboisauxelfes.be\/formation\/\"},{\"@type\":\"ListItem\",\"position\":2,\"name\":\"Accueil\"}]},{\"@type\":\"WebSite\",\"@id\":\"https:\/\/duboisauxelfes.be\/formation\/#website\",\"url\":\"https:\/\/duboisauxelfes.be\/formation\/\",\"name\":\"\u00c9levage du Bois aux Elfes - formation\",\"description\":\"\",\"potentialAction\":[{\"@type\":\"SearchAction\",\"target\":{\"@type\":\"EntryPoint\",\"urlTemplate\":\"https:\/\/duboisauxelfes.be\/formation\/?s={search_term_string}\"},\"query-input\":\"required name=search_term_string\"}],\"inLanguage\":\"fr-FR\"}]}<\/script>\n<!-- \/ Yoast SEO plugin. -->","yoast_head_json":{"title":"Du bois aux elfes - chats - Maine Coon","description":"Passionn\u00e9s & attentionn\u00e9s, nous apportons \u00e0 nos chatons beaucoup d\u2019amour et de tendresse jusqu\u2019\u00e0 ce qu\u2019ils puissent trouver leur nouvelle place dans votre famille. Nous sommes une petite chatterie familiale, agr\u00e9\u00e9e par le D\u00e9partement Bien-\u00eatre animal de la R\u00e9gion Wallonne sous le num\u00e9ro HK0280081.","robots":{"index":"index","follow":"follow","max-snippet":"max-snippet:-1","max-image-preview":"max-image-preview:large","max-video-preview":"max-video-preview:-1"},"canonical":"https:\/\/duboisauxelfes.be\/formation\/","og_locale":"fr_FR","og_type":"article","og_title":"Du bois aux elfes - chats - Maine Coon","og_description":"Passionn\u00e9s & attentionn\u00e9s, nous apportons \u00e0 nos chatons beaucoup d\u2019amour et de tendresse jusqu\u2019\u00e0 ce qu\u2019ils puissent trouver leur nouvelle place dans votre famille. Nous sommes une petite chatterie familiale, agr\u00e9\u00e9e par le D\u00e9partement Bien-\u00eatre animal de la R\u00e9gion Wallonne sous le num\u00e9ro HK0280081.","og_url":"https:\/\/duboisauxelfes.be\/formation\/","og_site_name":"\u00c9levage du Bois aux Elfes - formation","article_modified_time":"2025-02-20T19:26:04+00:00","twitter_card":"summary_large_image","schema":{"@context":"https:\/\/schema.org","@graph":[{"@type":"WebPage","@id":"https:\/\/duboisauxelfes.be\/formation\/","url":"https:\/\/duboisauxelfes.be\/formation\/","name":"Du bois aux elfes - chats - Maine Coon","isPartOf":{"@id":"https:\/\/duboisauxelfes.be\/formation\/#website"},"datePublished":"2022-11-29T11:03:36+00:00","dateModified":"2025-02-20T19:26:04+00:00","description":"Passionn\u00e9s & attentionn\u00e9s, nous apportons \u00e0 nos chatons beaucoup d\u2019amour et de tendresse jusqu\u2019\u00e0 ce qu\u2019ils puissent trouver leur nouvelle place dans votre famille. Nous sommes une petite chatterie familiale, agr\u00e9\u00e9e par le D\u00e9partement Bien-\u00eatre animal de la R\u00e9gion Wallonne sous le num\u00e9ro HK0280081.","breadcrumb":{"@id":"https:\/\/duboisauxelfes.be\/formation\/#breadcrumb"},"inLanguage":"fr-FR","potentialAction":[{"@type":"ReadAction","target":["https:\/\/duboisauxelfes.be\/formation\/"]}]},{"@type":"BreadcrumbList","@id":"https:\/\/duboisauxelfes.be\/formation\/#breadcrumb","itemListElement":[{"@type":"ListItem","position":1,"name":"Home","item":"https:\/\/duboisauxelfes.be\/formation\/"},{"@type":"ListItem","position":2,"name":"Accueil"}]},{"@type":"WebSite","@id":"https:\/\/duboisauxelfes.be\/formation\/#website","url":"https:\/\/duboisauxelfes.be\/formation\/","name":"\u00c9levage du Bois aux Elfes - formation","description":"","potentialAction":[{"@type":"SearchAction","target":{"@type":"EntryPoint","urlTemplate":"https:\/\/duboisauxelfes.be\/formation\/?s={search_term_string}"},"query-input":"required name=search_term_string"}],"inLanguage":"fr-FR"}]}},"_links":{"self":[{"href":"https:\/\/duboisauxelfes.be\/formation\/wp-json\/wp\/v2\/pages\/54"}],"collection":[{"href":"https:\/\/duboisauxelfes.be\/formation\/wp-json\/wp\/v2\/pages"}],"about":[{"href":"https:\/\/duboisauxelfes.be\/formation\/wp-json\/wp\/v2\/types\/page"}],"author":[{"embeddable":true,"href":"https:\/\/duboisauxelfes.be\/formation\/wp-json\/wp\/v2\/users\/2"}],"replies":[{"embeddable":true,"href":"https:\/\/duboisauxelfes.be\/formation\/wp-json\/wp\/v2\/comments?post=54"}],"version-history":[{"count":129,"href":"https:\/\/duboisauxelfes.be\/formation\/wp-json\/wp\/v2\/pages\/54\/revisions"}],"predecessor-version":[{"id":727,"href":"https:\/\/duboisauxelfes.be\/formation\/wp-json\/wp\/v2\/pages\/54\/revisions\/727"}],"wp:attachment":[{"href":"https:\/\/duboisauxelfes.be\/formation\/wp-json\/wp\/v2\/media?parent=54"}],"curies":[{"name":"wp","href":"https:\/\/api.w.org\/{rel}","templated":true}]}}