{"id":6,"date":"2022-11-29T12:06:10","date_gmt":"2022-11-29T11:06:10","guid":{"rendered":"http:\/\/du-bois-aux-elfes.onie.be\/chiens\/?page_id=6"},"modified":"2025-03-21T11:56:15","modified_gmt":"2025-03-21T10:56:15","slug":"cockers","status":"publish","type":"page","link":"https:\/\/duboisauxelfes.be\/chiens\/cockers\/","title":{"rendered":"Cockers"},"content":{"rendered":"<section style=\"--block-mt: 12rem; margin-top: var(--block-mt);\" class='relative z-20'>\n    <div style=\"\" class=\" wrap _with-paddings\">\n        <div class=\"text-content\" oat=\"fade-top\"><p class=\"heading-2 font-secondary\" style=\"text-align: center;\">Cockers spaniel anglais<\/p><\/div>\n    <\/div>\n    <\/section>\n\n\n\n<section style=\"--block-mt: 4rem; margin-top: var(--block-mt);\" class=''>\n    <div style=\"\" class=\" wrap _with-paddings\">\n        <div class=\"aspect-[1170\/384] h-full w-full\">        <picture>\n                            <source data-srcset=\"https:\/\/duboisauxelfes.be\/content\/uploads\/sites\/3\/2024\/12\/Clementine-rognee-pour-bande-diaopo-620x250.jpg, https:\/\/duboisauxelfes.be\/content\/uploads\/sites\/3\/2024\/12\/Clementine-rognee-pour-bande-diaopo-1240x500.jpg 2x\" media=\"(max-width: 620px)\">\n                            <source data-srcset=\"https:\/\/duboisauxelfes.be\/content\/uploads\/sites\/3\/2024\/12\/Clementine-rognee-pour-bande-diaopo-1040x419.jpg, https:\/\/duboisauxelfes.be\/content\/uploads\/sites\/3\/2024\/12\/Clementine-rognee-pour-bande-diaopo-2080x839.jpg 2x\" media=\"(max-width: 1040px)\">\n                            <source data-srcset=\"https:\/\/duboisauxelfes.be\/content\/uploads\/sites\/3\/2024\/12\/Clementine-rognee-pour-bande-diaopo-1440x581.jpg, https:\/\/duboisauxelfes.be\/content\/uploads\/sites\/3\/2024\/12\/Clementine-rognee-pour-bande-diaopo-2880x1161.jpg 2x\" media=\"(max-width: 1440px)\">\n                            <source data-srcset=\"https:\/\/duboisauxelfes.be\/content\/uploads\/sites\/3\/2024\/12\/Clementine-rognee-pour-bande-diaopo-1920x774.jpg, https:\/\/duboisauxelfes.be\/content\/uploads\/sites\/3\/2024\/12\/Clementine-rognee-pour-bande-diaopo-scaled.jpg 2x\" media=\"(max-width: 1920px)\">\n            \n            <img\n                class='lazyload lazypreload w-full object-cover object-center aspect-[1170\/384] gsap-wide'                alt=\"\"                    data-srcset=\"https:\/\/duboisauxelfes.be\/content\/uploads\/sites\/3\/2024\/12\/Clementine-rognee-pour-bande-diaopo-1920x774.jpg 1x, https:\/\/duboisauxelfes.be\/content\/uploads\/sites\/3\/2024\/12\/Clementine-rognee-pour-bande-diaopo-scaled.jpg 2x\"\n                    src=\"https:\/\/duboisauxelfes.be\/content\/uploads\/sites\/3\/2024\/12\/Clementine-rognee-pour-bande-diaopo-100x40.jpg\"\/>\n\n        <\/picture>\n        <\/div>\n    <\/div>\n    <\/section>\n\n\n\n<section style=\"--block-pt: 4rem; padding-top: var(--block-pt);\" class='relative z-20'>\n    <div style=\"\" class=\" wrap-md _with-paddings\">\n        <div class=\"text-content\" oat=\"fade-top\"><p class=\"heading-5 font-secondary\" style=\"text-align: center;\">Nous \u00e9levons des cockers spaniel anglais de pure race sous de nombreuses jolies robes : roux (dit rouge), golden, noir, noir et feu, chocolat, chocolat et feu, zibeline, zibeline chocolat, bleu rouan, chocolat rouann\u00e9, tricolore noir, tricolore chocolat ou encore orange rouann\u00e9.<\/p><\/div>\n    <\/div>\n    <\/section>\n\n\n\n<section style=\"--block-pb: 6rem; padding-bottom: var(--block-pb);\" class=''>\n    <div style=\"\" class=\" wrap _with-paddings\">\n        <div class='list-of-buttons _center' >\n                                <a class='butt _dark' href=\"https:\/\/duboisauxelfes.be\/chiens\/chiens-disponibles\/?race=cockers\">\n\n<span class=\"butt__text\" >Voir nos chiots<\/span>\n<\/a>\n            <\/div>\n    <\/div>\n    <\/section>\n\n\n<section style=\"background-color: #FBFAF4;--block-pt: 6rem; padding-top: var(--block-pt);--block-pb: 6rem; padding-bottom: var(--block-pb);\" class='description-image relative'>\n    <div style=\"\" class=\" wrap _with-paddings\">\n        <ul class=\"col flex-col list-none gap-12 wrap _with-paddings z-30  bg-transparent \">\n        <li class=\"col-span-5 tablet:col-span-12 desktop:col-span-5 gsap-translate-left\">\n            <div class=\"text-content\"><p class=\"heading-2 font-secondary\">Cockers Spaniel Anglais<\/p>\n<\/div>\n            <div class='list-of-buttons description-image relative' >\n                                <a class='butt _dark' href=\"https:\/\/duboisauxelfes.be\/chiens\/portees-nees\/?race=cockers\">\n\n<span class=\"butt__text\" >Voir nos port\u00e9es<\/span>\n<\/a>\n            <\/div>\n        <\/li>\n        <li class=\"col-span-7 desktop:col-span-12\">\n            <div class=\"text-content leading-loose gsap-translate-right\"><div>Choisi pour son caract\u00e8re sociable et sa capacit\u00e9 d\u2019adaptation, le cocker anglais est un chien affectueux qui aime jouer avec les enfants. Il est \u00e9galement tr\u00e8s habile pour la chasse et nage parfaitement bien.<\/div>\n<div><\/div>\n<div><\/div>\n<div>S\u00e9lectionn\u00e9s pour leur bonne sant\u00e9, leur caract\u00e8re et leur beaut\u00e9, nos cockers anglais sont \u00e9lev\u00e9s \u00e0 la campagne dans un cadre verdoyant. Pour nous, le chien est un compagnon fid\u00e8le de tous les jours qui m\u00e9rite d\u2019\u00eatre soign\u00e9. Nos chiens ont r\u00e9guli\u00e8rement droit \u00e0 des caresses. Les mamans en fin de gestation et allaitantes restent dans la maison, dans une pi\u00e8ce qui leur est d\u00e9di\u00e9e, avec leurs b\u00e9b\u00e9s.<\/div>\n<div><\/div>\n<div><\/div>\n<div>Tous nos chiots naissent et grandissent en famille, avec nos enfants, nos chats et nos autres chiens. D\u00e8s leur plus jeune \u00e2ge, nous les manipulons, les cajolons et les sociabilisons, ce qui est tr\u00e8s important pour leur vie future. Chez nous, tous les chiens sont visibles. Il est possible de venir visiter notre \u00e9levage et de rencontrer nos adultes et nos chiots.<\/div>\n<div><\/div>\n<div>\n<p><strong>Les parents sont test\u00e9s pour les 2 maladies h\u00e9r\u00e9ditaires les plus fr\u00e9quentes chez le cocker, \u00e0 savoir l\u2019APR (atrophie progressive de la r\u00e9tine) et la NF (n\u00e9phropathie familiale) : nous ne faisons pas de mariage entre 2 parents porteurs et garantissons donc des chiots sains ou porteurs sains.<\/strong><\/p>\n<\/div>\n<\/div>\n        <\/li>\n    <\/ul>\n    <\/div>\n    <\/section>\n\n\n\n<section style=\"background-color: #FBFAF4;--block-pb: 2rem; padding-bottom: var(--block-pb);\" class=''>\n    <div style=\"\" class=\" wrap _with-paddings\">\n        <div class=\"  w-full gap-10 relative col aspect-[1170\/407] gsap-appear\">\n            <div class=\"w-full  col-span-5 tablet:col-span-12  \">        <picture>\n                            <source data-srcset=\"https:\/\/duboisauxelfes.be\/content\/uploads\/sites\/3\/2023\/08\/DSC07447-620x930.jpg, https:\/\/duboisauxelfes.be\/content\/uploads\/sites\/3\/2023\/08\/DSC07447-1240x1860.jpg 2x\" media=\"(max-width: 620px)\">\n                            <source data-srcset=\"https:\/\/duboisauxelfes.be\/content\/uploads\/sites\/3\/2023\/08\/DSC07447-1040x1560.jpg, https:\/\/duboisauxelfes.be\/content\/uploads\/sites\/3\/2023\/08\/DSC07447-2080x3120.jpg 2x\" media=\"(max-width: 1040px)\">\n                            <source data-srcset=\"https:\/\/duboisauxelfes.be\/content\/uploads\/sites\/3\/2023\/08\/DSC07447-1440x2160.jpg, https:\/\/duboisauxelfes.be\/content\/uploads\/sites\/3\/2023\/08\/DSC07447-2880x4320.jpg 2x\" media=\"(max-width: 1440px)\">\n                            <source data-srcset=\"https:\/\/duboisauxelfes.be\/content\/uploads\/sites\/3\/2023\/08\/DSC07447-1920x2880.jpg, https:\/\/duboisauxelfes.be\/content\/uploads\/sites\/3\/2023\/08\/DSC07447-3840x5760.jpg 2x\" media=\"(max-width: 1920px)\">\n            \n            <img\n                class='lazyload lazypreload h-full w-full object-cover object center'                alt=\"\"                    data-srcset=\"https:\/\/duboisauxelfes.be\/content\/uploads\/sites\/3\/2023\/08\/DSC07447-1920x2880.jpg 1x, https:\/\/duboisauxelfes.be\/content\/uploads\/sites\/3\/2023\/08\/DSC07447-3840x5760.jpg 2x\"\n                    src=\"https:\/\/duboisauxelfes.be\/content\/uploads\/sites\/3\/2023\/08\/DSC07447-100x150.jpg\"\/>\n\n        <\/picture>\n        <\/div>\n            <div class=\"w-full  col-span-7 tablet:col-span-12  \">        <picture>\n                            <source data-srcset=\"https:\/\/duboisauxelfes.be\/content\/uploads\/sites\/3\/2023\/08\/IMG_2678-620x413.jpg, https:\/\/duboisauxelfes.be\/content\/uploads\/sites\/3\/2023\/08\/IMG_2678-1240x827.jpg 2x\" media=\"(max-width: 620px)\">\n                            <source data-srcset=\"https:\/\/duboisauxelfes.be\/content\/uploads\/sites\/3\/2023\/08\/IMG_2678-1040x693.jpg, https:\/\/duboisauxelfes.be\/content\/uploads\/sites\/3\/2023\/08\/IMG_2678-2080x1387.jpg 2x\" media=\"(max-width: 1040px)\">\n                            <source data-srcset=\"https:\/\/duboisauxelfes.be\/content\/uploads\/sites\/3\/2023\/08\/IMG_2678-1440x960.jpg, https:\/\/duboisauxelfes.be\/content\/uploads\/sites\/3\/2023\/08\/IMG_2678-2880x1920.jpg 2x\" media=\"(max-width: 1440px)\">\n                            <source data-srcset=\"https:\/\/duboisauxelfes.be\/content\/uploads\/sites\/3\/2023\/08\/IMG_2678-1920x1280.jpg, https:\/\/duboisauxelfes.be\/content\/uploads\/sites\/3\/2023\/08\/IMG_2678-3840x2560.jpg 2x\" media=\"(max-width: 1920px)\">\n            \n            <img\n                class='lazyload lazypreload h-full w-full object-cover object center'                alt=\"\"                    data-srcset=\"https:\/\/duboisauxelfes.be\/content\/uploads\/sites\/3\/2023\/08\/IMG_2678-1920x1280.jpg 1x, https:\/\/duboisauxelfes.be\/content\/uploads\/sites\/3\/2023\/08\/IMG_2678-3840x2560.jpg 2x\"\n                    src=\"https:\/\/duboisauxelfes.be\/content\/uploads\/sites\/3\/2023\/08\/IMG_2678-100x67.jpg\"\/>\n\n        <\/picture>\n        <\/div>\n        <\/div>\n    <\/div>\n    <\/section>\n\n\n<section style=\"background-color: #FBFAF4;--block-pb: 6rem; padding-bottom: var(--block-pb);\" class=''>\n    <div style=\"\" class=\" wrap _with-paddings\">\n        <div class=\"  flex  w-full gap-10 relative col aspect-[1170\/407] gsap-appear\">\n            <div class=\"w-full  \">        <picture>\n                            <source data-srcset=\"https:\/\/duboisauxelfes.be\/content\/uploads\/sites\/3\/2023\/08\/Woody-620x465.jpg, https:\/\/duboisauxelfes.be\/content\/uploads\/sites\/3\/2023\/08\/Woody.jpg 2x\" media=\"(max-width: 620px)\">\n                            <source data-srcset=\"https:\/\/duboisauxelfes.be\/content\/uploads\/sites\/3\/2023\/08\/Woody.jpg, https:\/\/duboisauxelfes.be\/content\/uploads\/sites\/3\/2023\/08\/Woody.jpg 2x\" media=\"(max-width: 1040px)\">\n                            <source data-srcset=\"https:\/\/duboisauxelfes.be\/content\/uploads\/sites\/3\/2023\/08\/Woody.jpg, https:\/\/duboisauxelfes.be\/content\/uploads\/sites\/3\/2023\/08\/Woody.jpg 2x\" media=\"(max-width: 1440px)\">\n                            <source data-srcset=\"https:\/\/duboisauxelfes.be\/content\/uploads\/sites\/3\/2023\/08\/Woody.jpg, https:\/\/duboisauxelfes.be\/content\/uploads\/sites\/3\/2023\/08\/Woody.jpg 2x\" media=\"(max-width: 1920px)\">\n            \n            <img\n                class='lazyload lazypreload h-full w-full object-cover object center'                alt=\"\"                    data-srcset=\"https:\/\/duboisauxelfes.be\/content\/uploads\/sites\/3\/2023\/08\/Woody.jpg 1x, https:\/\/duboisauxelfes.be\/content\/uploads\/sites\/3\/2023\/08\/Woody.jpg 2x\"\n                    src=\"https:\/\/duboisauxelfes.be\/content\/uploads\/sites\/3\/2023\/08\/Woody-100x75.jpg\"\/>\n\n        <\/picture>\n        <\/div>\n            <div class=\"w-full  \">        <picture>\n                            <source data-srcset=\"https:\/\/duboisauxelfes.be\/content\/uploads\/sites\/3\/2023\/08\/Jean-Gabin-620x465.jpeg, https:\/\/duboisauxelfes.be\/content\/uploads\/sites\/3\/2023\/08\/Jean-Gabin-1240x930.jpeg 2x\" media=\"(max-width: 620px)\">\n                            <source data-srcset=\"https:\/\/duboisauxelfes.be\/content\/uploads\/sites\/3\/2023\/08\/Jean-Gabin-1040x780.jpeg, https:\/\/duboisauxelfes.be\/content\/uploads\/sites\/3\/2023\/08\/Jean-Gabin.jpeg 2x\" media=\"(max-width: 1040px)\">\n                            <source data-srcset=\"https:\/\/duboisauxelfes.be\/content\/uploads\/sites\/3\/2023\/08\/Jean-Gabin-1440x1080.jpeg, https:\/\/duboisauxelfes.be\/content\/uploads\/sites\/3\/2023\/08\/Jean-Gabin.jpeg 2x\" media=\"(max-width: 1440px)\">\n                            <source data-srcset=\"https:\/\/duboisauxelfes.be\/content\/uploads\/sites\/3\/2023\/08\/Jean-Gabin-1920x1440.jpeg, https:\/\/duboisauxelfes.be\/content\/uploads\/sites\/3\/2023\/08\/Jean-Gabin.jpeg 2x\" media=\"(max-width: 1920px)\">\n            \n            <img\n                class='lazyload lazypreload h-full w-full object-cover object center'                alt=\"\"                    data-srcset=\"https:\/\/duboisauxelfes.be\/content\/uploads\/sites\/3\/2023\/08\/Jean-Gabin-1920x1440.jpeg 1x, https:\/\/duboisauxelfes.be\/content\/uploads\/sites\/3\/2023\/08\/Jean-Gabin.jpeg 2x\"\n                    src=\"https:\/\/duboisauxelfes.be\/content\/uploads\/sites\/3\/2023\/08\/Jean-Gabin-100x75.jpeg\"\/>\n\n        <\/picture>\n        <\/div>\n        <\/div>\n    <\/div>\n    <\/section>\n\n\n<section style=\"background-color: #212229;--block-pb: 6rem; padding-bottom: var(--block-pb);\" class=''>\n    <div style=\"\" class=\" wrap _with-paddings\">\n        <ul class=\"col items-center pt-20\">\n                    <li class=\"col-span-6 tablet:col-span-12 px-12  col-start-7 row-start-1 tablet:col-start-1 tablet:row-start-2 \">\n\n                        <picture>\n                            <source data-srcset=\"https:\/\/duboisauxelfes.be\/content\/uploads\/sites\/3\/2025\/10\/Logo-2023-01-620x620.png, https:\/\/duboisauxelfes.be\/content\/uploads\/sites\/3\/2025\/10\/Logo-2023-01-1240x1240.png 2x\" media=\"(max-width: 620px)\">\n                            <source data-srcset=\"https:\/\/duboisauxelfes.be\/content\/uploads\/sites\/3\/2025\/10\/Logo-2023-01-1040x1040.png, https:\/\/duboisauxelfes.be\/content\/uploads\/sites\/3\/2025\/10\/Logo-2023-01.png 2x\" media=\"(max-width: 1040px)\">\n                            <source data-srcset=\"https:\/\/duboisauxelfes.be\/content\/uploads\/sites\/3\/2025\/10\/Logo-2023-01.png, https:\/\/duboisauxelfes.be\/content\/uploads\/sites\/3\/2025\/10\/Logo-2023-01.png 2x\" media=\"(max-width: 1440px)\">\n                            <source data-srcset=\"https:\/\/duboisauxelfes.be\/content\/uploads\/sites\/3\/2025\/10\/Logo-2023-01.png, https:\/\/duboisauxelfes.be\/content\/uploads\/sites\/3\/2025\/10\/Logo-2023-01.png 2x\" media=\"(max-width: 1920px)\">\n            \n            <img\n                class='lazyload lazypreload h-full w-full object-cover object center'                alt=\"\"                    data-srcset=\"https:\/\/duboisauxelfes.be\/content\/uploads\/sites\/3\/2025\/10\/Logo-2023-01.png 1x, https:\/\/duboisauxelfes.be\/content\/uploads\/sites\/3\/2025\/10\/Logo-2023-01.png 2x\"\n                    src=\"https:\/\/duboisauxelfes.be\/content\/uploads\/sites\/3\/2025\/10\/Logo-2023-01-100x100.png\"\/>\n\n        <\/picture>\n        \n\n            <\/li>\n                <li class=\"col-span-6 w-full tablet:col-span-12 px-24   row-start-1 col-start-1 \">\n            <svg\n        class=\"fill-beige\"         style=\"--ratio: 0.2796958487464; --width: 6rem; --height: 1.6781750924784rem; width: var(--width); height: var(--height);\"         viewBox=\"0 0 29.196 8.166\">\n    <use xlink:href='#menu__current--optimized'><\/use>\n<\/svg>\n\n            <div class=\"text-content\"><p class=\"heading-3 font-secondary\"><span style=\"color: #ffffff;\">Un label de qualit\u00e9<\/span><\/p>\n<ul>\n<li><span style=\"color: #ffffff;\">Assurance sant\u00e9 de <span style=\"text-decoration: underline;\">2 \u00e0 6<\/span> ans : couvre toute maladie, d\u00e9faut ou d\u00e9c\u00e8s<\/span><\/li>\n<li><span style=\"color: #ffffff;\">Filiation par ADN : le seul moyen d&rsquo;\u00eatre s\u00fbr que les parents du chiot sont belges et visibles \u00e0 l&rsquo;\u00e9levage (m\u00e8re <span style=\"text-decoration: underline;\">et<\/span> p\u00e8re).<\/span><\/li>\n<li><span style=\"color: #ffffff;\">Assistance \u00e0 l&rsquo;\u00e9ducation par Educadogs &#8211; 30 ann\u00e9es d&rsquo;exp\u00e9rience<\/span><\/li>\n<li><span style=\"color: #ffffff;\">Assistance apr\u00e8s adoption en cas de probl\u00e8mes li\u00e9s au chiot ou au propri\u00e9taire : gardiennage ou replacement<\/span><\/li>\n<li><span style=\"color: #ffffff;\">Chiens de pure race avec Pedigree et non consanguinit\u00e9<\/span><\/li>\n<li><span style=\"color: #ffffff;\">Certificat v\u00e9t\u00e9rinaire de suivi du chiot<\/span><\/li>\n<li><span style=\"color: #ffffff;\">Elevage professionnel et passionn\u00e9 (HK13804387)<\/span><\/li>\n<li><span style=\"color: #ffffff;\">Centre de formation pratique agr\u00e9\u00e9 pour candidats \u00e9leveurs, v\u00e9t\u00e9rinaires et soigneurs animaliers<\/span><\/li>\n<\/ul>\n<\/div>\n            <div class='list-of-buttons' >\n                                <a class='butt _gold' href=\"https:\/\/duboisauxelfes.be\/chiens\/service\/\">\n\n<span class=\"butt__text\" >Voir les conditions<\/span>\n<\/a>\n            <\/div>\n        <\/li>\n    <\/ul>\n    <svg\n        class=\"left-0 -translate-x-1\/2 fill-beige opacity-10 absolute -translate-y-[40rem]\"         style=\"--ratio: 1.5790348035551; --width: 20rem; --height: 31.580696071102rem; width: var(--width); height: var(--height);\"         viewBox=\"0 0 132.429 209.11\">\n    <use xlink:href='#logo--optimized'><\/use>\n<\/svg>\n    <\/div>\n    <\/section>\n\n\n\n\n\n","protected":false},"excerpt":{"rendered":"","protected":false},"author":2,"featured_media":0,"parent":0,"menu_order":13,"comment_status":"closed","ping_status":"closed","template":"","meta":[],"yoast_head":"<!-- This site is optimized with the Yoast SEO plugin v20.6 - https:\/\/yoast.com\/wordpress\/plugins\/seo\/ -->\n<title>Cockers - \u00c9levage du Bois aux Elfes - chiens<\/title>\n<meta name=\"robots\" content=\"index, follow, max-snippet:-1, max-image-preview:large, max-video-preview:-1\" \/>\n<link rel=\"canonical\" href=\"https:\/\/duboisauxelfes.be\/chiens\/cockers\/\" \/>\n<meta property=\"og:locale\" content=\"fr_FR\" \/>\n<meta property=\"og:type\" content=\"article\" \/>\n<meta property=\"og:title\" content=\"Cockers - \u00c9levage du Bois aux Elfes - chiens\" \/>\n<meta property=\"og:url\" content=\"https:\/\/duboisauxelfes.be\/chiens\/cockers\/\" \/>\n<meta property=\"og:site_name\" content=\"\u00c9levage du Bois aux Elfes - chiens\" \/>\n<meta property=\"article:modified_time\" content=\"2025-03-21T10:56:15+00:00\" \/>\n<meta name=\"twitter:card\" content=\"summary_large_image\" \/>\n<script type=\"application\/ld+json\" class=\"yoast-schema-graph\">{\"@context\":\"https:\/\/schema.org\",\"@graph\":[{\"@type\":\"WebPage\",\"@id\":\"https:\/\/duboisauxelfes.be\/chiens\/cockers\/\",\"url\":\"https:\/\/duboisauxelfes.be\/chiens\/cockers\/\",\"name\":\"Cockers - \u00c9levage du Bois aux Elfes - chiens\",\"isPartOf\":{\"@id\":\"https:\/\/duboisauxelfes.be\/chiens\/#website\"},\"datePublished\":\"2022-11-29T11:06:10+00:00\",\"dateModified\":\"2025-03-21T10:56:15+00:00\",\"breadcrumb\":{\"@id\":\"https:\/\/duboisauxelfes.be\/chiens\/cockers\/#breadcrumb\"},\"inLanguage\":\"fr-FR\",\"potentialAction\":[{\"@type\":\"ReadAction\",\"target\":[\"https:\/\/duboisauxelfes.be\/chiens\/cockers\/\"]}]},{\"@type\":\"BreadcrumbList\",\"@id\":\"https:\/\/duboisauxelfes.be\/chiens\/cockers\/#breadcrumb\",\"itemListElement\":[{\"@type\":\"ListItem\",\"position\":1,\"name\":\"Home\",\"item\":\"https:\/\/duboisauxelfes.be\/chiens\/\"},{\"@type\":\"ListItem\",\"position\":2,\"name\":\"Cockers\"}]},{\"@type\":\"WebSite\",\"@id\":\"https:\/\/duboisauxelfes.be\/chiens\/#website\",\"url\":\"https:\/\/duboisauxelfes.be\/chiens\/\",\"name\":\"\u00c9levage du Bois aux Elfes - chiens\",\"description\":\"\",\"potentialAction\":[{\"@type\":\"SearchAction\",\"target\":{\"@type\":\"EntryPoint\",\"urlTemplate\":\"https:\/\/duboisauxelfes.be\/chiens\/?s={search_term_string}\"},\"query-input\":\"required name=search_term_string\"}],\"inLanguage\":\"fr-FR\"}]}<\/script>\n<!-- \/ Yoast SEO plugin. -->","yoast_head_json":{"title":"Cockers - \u00c9levage du Bois aux Elfes - chiens","robots":{"index":"index","follow":"follow","max-snippet":"max-snippet:-1","max-image-preview":"max-image-preview:large","max-video-preview":"max-video-preview:-1"},"canonical":"https:\/\/duboisauxelfes.be\/chiens\/cockers\/","og_locale":"fr_FR","og_type":"article","og_title":"Cockers - \u00c9levage du Bois aux Elfes - chiens","og_url":"https:\/\/duboisauxelfes.be\/chiens\/cockers\/","og_site_name":"\u00c9levage du Bois aux Elfes - chiens","article_modified_time":"2025-03-21T10:56:15+00:00","twitter_card":"summary_large_image","schema":{"@context":"https:\/\/schema.org","@graph":[{"@type":"WebPage","@id":"https:\/\/duboisauxelfes.be\/chiens\/cockers\/","url":"https:\/\/duboisauxelfes.be\/chiens\/cockers\/","name":"Cockers - \u00c9levage du Bois aux Elfes - chiens","isPartOf":{"@id":"https:\/\/duboisauxelfes.be\/chiens\/#website"},"datePublished":"2022-11-29T11:06:10+00:00","dateModified":"2025-03-21T10:56:15+00:00","breadcrumb":{"@id":"https:\/\/duboisauxelfes.be\/chiens\/cockers\/#breadcrumb"},"inLanguage":"fr-FR","potentialAction":[{"@type":"ReadAction","target":["https:\/\/duboisauxelfes.be\/chiens\/cockers\/"]}]},{"@type":"BreadcrumbList","@id":"https:\/\/duboisauxelfes.be\/chiens\/cockers\/#breadcrumb","itemListElement":[{"@type":"ListItem","position":1,"name":"Home","item":"https:\/\/duboisauxelfes.be\/chiens\/"},{"@type":"ListItem","position":2,"name":"Cockers"}]},{"@type":"WebSite","@id":"https:\/\/duboisauxelfes.be\/chiens\/#website","url":"https:\/\/duboisauxelfes.be\/chiens\/","name":"\u00c9levage du Bois aux Elfes - chiens","description":"","potentialAction":[{"@type":"SearchAction","target":{"@type":"EntryPoint","urlTemplate":"https:\/\/duboisauxelfes.be\/chiens\/?s={search_term_string}"},"query-input":"required name=search_term_string"}],"inLanguage":"fr-FR"}]}},"_links":{"self":[{"href":"https:\/\/duboisauxelfes.be\/chiens\/wp-json\/wp\/v2\/pages\/6"}],"collection":[{"href":"https:\/\/duboisauxelfes.be\/chiens\/wp-json\/wp\/v2\/pages"}],"about":[{"href":"https:\/\/duboisauxelfes.be\/chiens\/wp-json\/wp\/v2\/types\/page"}],"author":[{"embeddable":true,"href":"https:\/\/duboisauxelfes.be\/chiens\/wp-json\/wp\/v2\/users\/2"}],"replies":[{"embeddable":true,"href":"https:\/\/duboisauxelfes.be\/chiens\/wp-json\/wp\/v2\/comments?post=6"}],"version-history":[{"count":76,"href":"https:\/\/duboisauxelfes.be\/chiens\/wp-json\/wp\/v2\/pages\/6\/revisions"}],"predecessor-version":[{"id":9244,"href":"https:\/\/duboisauxelfes.be\/chiens\/wp-json\/wp\/v2\/pages\/6\/revisions\/9244"}],"wp:attachment":[{"href":"https:\/\/duboisauxelfes.be\/chiens\/wp-json\/wp\/v2\/media?parent=6"}],"curies":[{"name":"wp","href":"https:\/\/api.w.org\/{rel}","templated":true}]}}