{"id":49,"date":"2022-11-29T13:23:52","date_gmt":"2022-11-29T12:23:52","guid":{"rendered":"http:\/\/du-bois-aux-elfes.onie.be\/chiens\/?page_id=49"},"modified":"2024-12-18T11:47:20","modified_gmt":"2024-12-18T10:47:20","slug":"portees","status":"publish","type":"page","link":"https:\/\/duboisauxelfes.be\/chiens\/portees\/","title":{"rendered":"Port\u00e9es"},"content":{"rendered":"<section style=\"--block-mt: 12rem; margin-top: var(--block-mt);\" class='relative z-20'>\n    <div style=\"\" class=\" wrap _with-paddings\">\n        <div class=\"text-content\" oat=\"fade-top\"><p class=\"heading-2 font-secondary\" style=\"text-align: center;\">Nos port\u00e9es<\/p><\/div>\n    <\/div>\n    <\/section>\n\n\n\n<section style=\"--block-mt: 4rem; margin-top: var(--block-mt);\" class=''>\n    <div style=\"\" class=\" wrap _with-paddings\">\n        <div class=\"aspect-[1170\/384] h-full w-full\">        <picture>\n                            <source data-srcset=\"https:\/\/duboisauxelfes.be\/content\/uploads\/sites\/3\/2022\/12\/3D5A4120-620x203.jpg, https:\/\/duboisauxelfes.be\/content\/uploads\/sites\/3\/2022\/12\/3D5A4120-1240x407.jpg 2x\" media=\"(max-width: 620px)\">\n                            <source data-srcset=\"https:\/\/duboisauxelfes.be\/content\/uploads\/sites\/3\/2022\/12\/3D5A4120-1040x341.jpg, https:\/\/duboisauxelfes.be\/content\/uploads\/sites\/3\/2022\/12\/3D5A4120-2080x683.jpg 2x\" media=\"(max-width: 1040px)\">\n                            <source data-srcset=\"https:\/\/duboisauxelfes.be\/content\/uploads\/sites\/3\/2022\/12\/3D5A4120-1440x473.jpg, https:\/\/duboisauxelfes.be\/content\/uploads\/sites\/3\/2022\/12\/3D5A4120.jpg 2x\" media=\"(max-width: 1440px)\">\n                            <source data-srcset=\"https:\/\/duboisauxelfes.be\/content\/uploads\/sites\/3\/2022\/12\/3D5A4120-1920x630.jpg, https:\/\/duboisauxelfes.be\/content\/uploads\/sites\/3\/2022\/12\/3D5A4120.jpg 2x\" media=\"(max-width: 1920px)\">\n            \n            <img\n                class='lazyload lazypreload w-full object-cover object-center aspect-[1170\/384] gsap-wide'                alt=\"\"                    data-srcset=\"https:\/\/duboisauxelfes.be\/content\/uploads\/sites\/3\/2022\/12\/3D5A4120-1920x630.jpg 1x, https:\/\/duboisauxelfes.be\/content\/uploads\/sites\/3\/2022\/12\/3D5A4120.jpg 2x\"\n                    src=\"https:\/\/duboisauxelfes.be\/content\/uploads\/sites\/3\/2022\/12\/3D5A4120-100x33.jpg\"\/>\n\n        <\/picture>\n        <\/div>\n    <\/div>\n    <\/section>\n\n\n\n<section style=\"--block-pt: 4rem; padding-top: var(--block-pt);--block-pb: 4rem; padding-bottom: var(--block-pb);\" class='relative z-20'>\n    <div style=\"\" class=\" wrap-md _with-paddings\">\n        <div class=\"text-content\" oat=\"fade-top\"><p class=\"heading-5 font-secondary\" style=\"text-align: center;\"><span style=\"color: #55605d;\">Tous nos chiots naissent en famille, au c\u0153ur de notre maison o\u00f9 nous avons am\u00e9nag\u00e9 un espace sp\u00e9cial pour les mamans et leur b\u00e9b\u00e9s. Nous pouvons ainsi les sociabiliser tous jeunes, ce qui est primordial pour leur adaptation dans leur nouvelle famille et leur vie future.<\/span><\/p><\/div>\n    <\/div>\n    <\/section>\n\n\n\n<section style=\"\" class=''>\n    <div style=\"\" class=\" wrap-sm _with-paddings\">\n        <div class=\"flex w-full gap-16 relative z-20 tablet:flex-wrap\">\n                                    <a href=\"https:\/\/duboisauxelfes.be\/chiens\/portees-nees\/\"\n               class=\"card-link-item gsap-translate-bottom rounded-lg overflow-hidden h-full w-full flex relative  aspect-[370\/276] tablet:aspect-[570\/300]  duration-200\">\n                <div class=\" h-full w-full after:w-full after:h-full after:bg-gradient-to-t after:from-main\/10 after:absolute after:-translate-y-full\">        <picture>\n                            <source data-srcset=\"https:\/\/duboisauxelfes.be\/content\/uploads\/sites\/3\/2022\/12\/2-femelles-chocolat-4-620x465.jpg, https:\/\/duboisauxelfes.be\/content\/uploads\/sites\/3\/2022\/12\/2-femelles-chocolat-4-1240x930.jpg 2x\" media=\"(max-width: 620px)\">\n                            <source data-srcset=\"https:\/\/duboisauxelfes.be\/content\/uploads\/sites\/3\/2022\/12\/2-femelles-chocolat-4-1040x780.jpg, https:\/\/duboisauxelfes.be\/content\/uploads\/sites\/3\/2022\/12\/2-femelles-chocolat-4-2080x1560.jpg 2x\" media=\"(max-width: 1040px)\">\n                            <source data-srcset=\"https:\/\/duboisauxelfes.be\/content\/uploads\/sites\/3\/2022\/12\/2-femelles-chocolat-4-1440x1080.jpg, https:\/\/duboisauxelfes.be\/content\/uploads\/sites\/3\/2022\/12\/2-femelles-chocolat-4-2880x2160.jpg 2x\" media=\"(max-width: 1440px)\">\n                            <source data-srcset=\"https:\/\/duboisauxelfes.be\/content\/uploads\/sites\/3\/2022\/12\/2-femelles-chocolat-4-1920x1440.jpg, https:\/\/duboisauxelfes.be\/content\/uploads\/sites\/3\/2022\/12\/2-femelles-chocolat-4-3840x2880.jpg 2x\" media=\"(max-width: 1920px)\">\n            \n            <img\n                class='lazyload lazypreload h-full w-full object-cover'                alt=\"\" style=\"object-position: top;\"                    data-srcset=\"https:\/\/duboisauxelfes.be\/content\/uploads\/sites\/3\/2022\/12\/2-femelles-chocolat-4-1920x1440.jpg 1x, https:\/\/duboisauxelfes.be\/content\/uploads\/sites\/3\/2022\/12\/2-femelles-chocolat-4-3840x2880.jpg 2x\"\n                    src=\"https:\/\/duboisauxelfes.be\/content\/uploads\/sites\/3\/2022\/12\/2-femelles-chocolat-4-100x75.jpg\"\/>\n\n        <\/picture>\n        <\/div>\n                <div class=\"card-link-content-wrap\">\n                    <div class=\"card-link-content\">\n                        <div class=\"card-link-text\">\n                            <p class=\"heading-6 font-secondary\"><span style=\"color: #d0c58a;\">Cockers &amp; Teckels<\/span><\/p>\n<p class=\"heading-4 font-secondary\"><span style=\"color: #ffffff;\">Port\u00e9es en cours<\/span><\/p>\n\n                        <\/div>\n                        <span class=\"card-link-button\">D&eacute;couvrir<\/span>\n                    <\/div>\n                <\/div>\n            <\/a>\n            <\/div>\n    <\/div>\n    <\/section>\n\n<style>\n    .card-link-content-wrap {\n        position: absolute;\n        right: 0;\n        bottom: -1rem;\n        left: 0;\n        padding: 2.5rem;\n        overflow: hidden;\n    }\n\n    .card-link-content {\n        position: relative;\n        transform: translateY(5.4rem);\n        transition: transform 0.35s ease;\n    }\n\n    .card-link-item:hover .card-link-content {\n        transform: translateY(0);\n    }\n\n    .card-link-text {\n        line-height: 0.75rem;\n    }\n\n    .card-link-button {\n        display: inline-block;\n        margin-top: 2rem;\n        background: #fff;\n        color: #000;\n        font-size: 1.4rem;\n        padding: 0.875rem 1.5rem;\n    }\n<\/style>","protected":false},"excerpt":{"rendered":"","protected":false},"author":2,"featured_media":0,"parent":0,"menu_order":17,"comment_status":"closed","ping_status":"closed","template":"","meta":[],"yoast_head":"<!-- This site is optimized with the Yoast SEO plugin v20.6 - https:\/\/yoast.com\/wordpress\/plugins\/seo\/ -->\n<title>Port\u00e9es - \u00c9levage du Bois aux Elfes - chiens<\/title>\n<meta name=\"robots\" content=\"index, follow, max-snippet:-1, max-image-preview:large, max-video-preview:-1\" \/>\n<link rel=\"canonical\" href=\"https:\/\/duboisauxelfes.be\/chiens\/portees\/\" \/>\n<meta property=\"og:locale\" content=\"fr_FR\" \/>\n<meta property=\"og:type\" content=\"article\" \/>\n<meta property=\"og:title\" content=\"Port\u00e9es - \u00c9levage du Bois aux Elfes - chiens\" \/>\n<meta property=\"og:url\" content=\"https:\/\/duboisauxelfes.be\/chiens\/portees\/\" \/>\n<meta property=\"og:site_name\" content=\"\u00c9levage du Bois aux Elfes - chiens\" \/>\n<meta property=\"article:modified_time\" content=\"2024-12-18T10:47:20+00:00\" \/>\n<meta name=\"twitter:card\" content=\"summary_large_image\" \/>\n<script type=\"application\/ld+json\" class=\"yoast-schema-graph\">{\"@context\":\"https:\/\/schema.org\",\"@graph\":[{\"@type\":\"WebPage\",\"@id\":\"https:\/\/duboisauxelfes.be\/chiens\/portees\/\",\"url\":\"https:\/\/duboisauxelfes.be\/chiens\/portees\/\",\"name\":\"Port\u00e9es - \u00c9levage du Bois aux Elfes - chiens\",\"isPartOf\":{\"@id\":\"https:\/\/duboisauxelfes.be\/chiens\/#website\"},\"datePublished\":\"2022-11-29T12:23:52+00:00\",\"dateModified\":\"2024-12-18T10:47:20+00:00\",\"breadcrumb\":{\"@id\":\"https:\/\/duboisauxelfes.be\/chiens\/portees\/#breadcrumb\"},\"inLanguage\":\"fr-FR\",\"potentialAction\":[{\"@type\":\"ReadAction\",\"target\":[\"https:\/\/duboisauxelfes.be\/chiens\/portees\/\"]}]},{\"@type\":\"BreadcrumbList\",\"@id\":\"https:\/\/duboisauxelfes.be\/chiens\/portees\/#breadcrumb\",\"itemListElement\":[{\"@type\":\"ListItem\",\"position\":1,\"name\":\"Home\",\"item\":\"https:\/\/duboisauxelfes.be\/chiens\/\"},{\"@type\":\"ListItem\",\"position\":2,\"name\":\"Port\u00e9es\"}]},{\"@type\":\"WebSite\",\"@id\":\"https:\/\/duboisauxelfes.be\/chiens\/#website\",\"url\":\"https:\/\/duboisauxelfes.be\/chiens\/\",\"name\":\"\u00c9levage du Bois aux Elfes - chiens\",\"description\":\"\",\"potentialAction\":[{\"@type\":\"SearchAction\",\"target\":{\"@type\":\"EntryPoint\",\"urlTemplate\":\"https:\/\/duboisauxelfes.be\/chiens\/?s={search_term_string}\"},\"query-input\":\"required name=search_term_string\"}],\"inLanguage\":\"fr-FR\"}]}<\/script>\n<!-- \/ Yoast SEO plugin. -->","yoast_head_json":{"title":"Port\u00e9es - \u00c9levage du Bois aux Elfes - chiens","robots":{"index":"index","follow":"follow","max-snippet":"max-snippet:-1","max-image-preview":"max-image-preview:large","max-video-preview":"max-video-preview:-1"},"canonical":"https:\/\/duboisauxelfes.be\/chiens\/portees\/","og_locale":"fr_FR","og_type":"article","og_title":"Port\u00e9es - \u00c9levage du Bois aux Elfes - chiens","og_url":"https:\/\/duboisauxelfes.be\/chiens\/portees\/","og_site_name":"\u00c9levage du Bois aux Elfes - chiens","article_modified_time":"2024-12-18T10:47:20+00:00","twitter_card":"summary_large_image","schema":{"@context":"https:\/\/schema.org","@graph":[{"@type":"WebPage","@id":"https:\/\/duboisauxelfes.be\/chiens\/portees\/","url":"https:\/\/duboisauxelfes.be\/chiens\/portees\/","name":"Port\u00e9es - \u00c9levage du Bois aux Elfes - chiens","isPartOf":{"@id":"https:\/\/duboisauxelfes.be\/chiens\/#website"},"datePublished":"2022-11-29T12:23:52+00:00","dateModified":"2024-12-18T10:47:20+00:00","breadcrumb":{"@id":"https:\/\/duboisauxelfes.be\/chiens\/portees\/#breadcrumb"},"inLanguage":"fr-FR","potentialAction":[{"@type":"ReadAction","target":["https:\/\/duboisauxelfes.be\/chiens\/portees\/"]}]},{"@type":"BreadcrumbList","@id":"https:\/\/duboisauxelfes.be\/chiens\/portees\/#breadcrumb","itemListElement":[{"@type":"ListItem","position":1,"name":"Home","item":"https:\/\/duboisauxelfes.be\/chiens\/"},{"@type":"ListItem","position":2,"name":"Port\u00e9es"}]},{"@type":"WebSite","@id":"https:\/\/duboisauxelfes.be\/chiens\/#website","url":"https:\/\/duboisauxelfes.be\/chiens\/","name":"\u00c9levage du Bois aux Elfes - chiens","description":"","potentialAction":[{"@type":"SearchAction","target":{"@type":"EntryPoint","urlTemplate":"https:\/\/duboisauxelfes.be\/chiens\/?s={search_term_string}"},"query-input":"required name=search_term_string"}],"inLanguage":"fr-FR"}]}},"_links":{"self":[{"href":"https:\/\/duboisauxelfes.be\/chiens\/wp-json\/wp\/v2\/pages\/49"}],"collection":[{"href":"https:\/\/duboisauxelfes.be\/chiens\/wp-json\/wp\/v2\/pages"}],"about":[{"href":"https:\/\/duboisauxelfes.be\/chiens\/wp-json\/wp\/v2\/types\/page"}],"author":[{"embeddable":true,"href":"https:\/\/duboisauxelfes.be\/chiens\/wp-json\/wp\/v2\/users\/2"}],"replies":[{"embeddable":true,"href":"https:\/\/duboisauxelfes.be\/chiens\/wp-json\/wp\/v2\/comments?post=49"}],"version-history":[{"count":48,"href":"https:\/\/duboisauxelfes.be\/chiens\/wp-json\/wp\/v2\/pages\/49\/revisions"}],"predecessor-version":[{"id":8521,"href":"https:\/\/duboisauxelfes.be\/chiens\/wp-json\/wp\/v2\/pages\/49\/revisions\/8521"}],"wp:attachment":[{"href":"https:\/\/duboisauxelfes.be\/chiens\/wp-json\/wp\/v2\/media?parent=49"}],"curies":[{"name":"wp","href":"https:\/\/api.w.org\/{rel}","templated":true}]}}