{"id":31,"date":"2022-11-29T13:15:06","date_gmt":"2022-11-29T12:15:06","guid":{"rendered":"http:\/\/du-bois-aux-elfes.onie.be\/chiens\/?page_id=31"},"modified":"2025-08-03T22:27:52","modified_gmt":"2025-08-03T20:27:52","slug":"service","status":"publish","type":"page","link":"https:\/\/duboisauxelfes.be\/chiens\/service\/","title":{"rendered":"Service"},"content":{"rendered":"<section style=\"--block-mt: 12rem; margin-top: var(--block-mt);\" class='relative z-20'>\n    <div style=\"\" class=\" wrap-md _with-paddings\">\n        <div class=\"text-content\" oat=\"fade-top\"><p class=\"heading-2 font-secondary\" style=\"text-align: center;\">Un \u00e9levage haut de gamme et engag\u00e9 !<\/p><\/div>\n    <\/div>\n    <\/section>\n\n\n\n<section style=\"--block-mt: 4rem; margin-top: var(--block-mt);\" class=''>\n    <div style=\"\" class=\" wrap _with-paddings\">\n        <div class=\"aspect-[1170\/384] h-full w-full\">        <picture>\n                            <source data-srcset=\"https:\/\/duboisauxelfes.be\/content\/uploads\/sites\/3\/2023\/08\/Lady-620x286.jpg, https:\/\/duboisauxelfes.be\/content\/uploads\/sites\/3\/2023\/08\/Lady-1240x572.jpg 2x\" media=\"(max-width: 620px)\">\n                            <source data-srcset=\"https:\/\/duboisauxelfes.be\/content\/uploads\/sites\/3\/2023\/08\/Lady-1040x480.jpg, https:\/\/duboisauxelfes.be\/content\/uploads\/sites\/3\/2023\/08\/Lady-2080x960.jpg 2x\" media=\"(max-width: 1040px)\">\n                            <source data-srcset=\"https:\/\/duboisauxelfes.be\/content\/uploads\/sites\/3\/2023\/08\/Lady-1440x664.jpg, https:\/\/duboisauxelfes.be\/content\/uploads\/sites\/3\/2023\/08\/Lady-2880x1329.jpg 2x\" media=\"(max-width: 1440px)\">\n                            <source data-srcset=\"https:\/\/duboisauxelfes.be\/content\/uploads\/sites\/3\/2023\/08\/Lady-1920x886.jpg, https:\/\/duboisauxelfes.be\/content\/uploads\/sites\/3\/2023\/08\/Lady-3840x1771.jpg 2x\" media=\"(max-width: 1920px)\">\n            \n            <img\n                class='lazyload lazypreload w-full object-cover object-center aspect-[1170\/384] gsap-wide'                alt=\"\"                    data-srcset=\"https:\/\/duboisauxelfes.be\/content\/uploads\/sites\/3\/2023\/08\/Lady-1920x886.jpg 1x, https:\/\/duboisauxelfes.be\/content\/uploads\/sites\/3\/2023\/08\/Lady-3840x1771.jpg 2x\"\n                    src=\"https:\/\/duboisauxelfes.be\/content\/uploads\/sites\/3\/2023\/08\/Lady-100x46.jpg\"\/>\n\n        <\/picture>\n        <\/div>\n    <\/div>\n    <\/section>\n\n\n\n<section style=\"--block-pt: 4rem; padding-top: var(--block-pt);\" class='description-image relative'>\n    <div style=\"\" class=\" wrap _with-paddings\">\n        <ul class=\"col flex-col list-none gap-12 wrap _with-paddings z-30  bg-transparent \">\n        <li class=\"col-span-5 tablet:col-span-12 desktop:col-span-5 gsap-translate-left\">\n            <div class=\"text-content\"><p class=\"heading-2 font-secondary\">Professionnel<\/p>\n<\/div>\n                    <\/li>\n        <li class=\"col-span-7 desktop:col-span-12\">\n            <div class=\"text-content leading-loose gsap-translate-right\"><div>\n<p>Nous sommes un \u00e9levage humaniste et avant-gardiste, sp\u00e9cialis\u00e9 dans le chien de race sacr\u00e9. Nous sommes aussi un centre d&rsquo;enseignement cynotechnique sup\u00e9rieur pour les jeunes candidats v\u00e9t\u00e9rinaires, \u00e9leveurs ou soigneurs animaliers d\u00e9sireux d&rsquo;acqu\u00e9rir des connaissances pratiques autour de la mise bas du chien et du soin aux nouveaux n\u00e9s.<\/p>\n<div>\n<div>\n<p>.<\/p>\n<div>\n<div>\n<p>Notre activit\u00e9 s&rsquo;inscrit parfaitement dans la philosophie des soci\u00e9t\u00e9s protectrices animales. Nous oeuvrons au quotidien pour am\u00e9liorer les conditions de vie des animaux. Ensemble engageons-nous pour cr\u00e9er l&rsquo;\u00e9levage de demain !<\/p>\n<div>\n<div>\n<p>.<\/p>\n<div>\n<div>Nous sommes un \u00e9levage PROFESSIONNEL, pour les cockers spaniel anglais et les teckels nains\/kaninchen poils ras, actif depuis 2009 (16 ann\u00e9es d&rsquo;exp\u00e9rience).<br \/>\nTous nos chiots ont un Pedigree (c&rsquo;est-\u00e0-dire un arbre g\u00e9n\u00e9alogique) et leur filiation est d\u00e9termin\u00e9e par une analyse ADN de filiation ce qui certifie qu&rsquo;ils sont bien n\u00e9s de parents pr\u00e9sents \u00e0 l&rsquo;\u00e9levage.<\/div>\n<div><\/div>\n<div>Tous nos chiots naissent en famille, au c\u0153ur de notre maison o\u00f9 nous avons am\u00e9nag\u00e9 un espace sp\u00e9cial pour les mamans et leur b\u00e9b\u00e9s. Nous pouvons ainsi les sociabiliser tous jeunes, ce qui est primordial pour leur adaptation dans leur nouvelle famille et leur vie future.<\/div>\n<p>Nous sommes certifi\u00e9s et reconnus par le Minist\u00e8re du Bien-\u00eatre animal et les hautes instances cynologiques, sous le num\u00e9ro 13804387.<\/p>\n<div>\n<div>\n<p>.<\/p>\n<div>Nos formations :<br \/>\n&#8211; Cynologie g\u00e9n\u00e9rale &#8211; 2014<br \/>\n&#8211; Initiation \u00e0 l&rsquo;\u00e9levage de chiens &#8211; 2014<br \/>\n&#8211; Certificat universitaire en gestion animali\u00e8re &#8211; CUGA (Universit\u00e9 de Namur) &#8211; 2021<br \/>\n&#8211; Aromath\u00e9rapie canine<\/p>\n<div>\n<div>\n<p>.<\/p>\n<div>Nos sp\u00e9cialisations :<br \/>\nReproduction, s\u00e9lection g\u00e9n\u00e9tique, morphologique et comportementale.<br \/>\nNos chiens sont d&rsquo;excellents chiens de famille, en bonne sant\u00e9, sains d&rsquo;esprit et de caract\u00e8re, amitieux et gentils.<\/p>\n<div><\/div>\n<\/div>\n<\/div>\n<\/div>\n<\/div>\n<\/div>\n<\/div>\n<\/div>\n<\/div>\n<\/div>\n<\/div>\n<\/div>\n<\/div>\n<\/div>\n<\/div>\n<\/div>\n        <\/li>\n    <\/ul>\n    <\/div>\n    <\/section>\n\n\n\n<section style=\"\" class=''>\n    <div style=\"\" class=\" wrap _with-paddings\">\n        <div class='list-of-buttons _center' >\n                                <a class='butt _dark' href=\"https:\/\/duboisauxelfes.be\/chiens\/portees\/\">\n\n<span class=\"butt__text\" >Voir nos port\u00e9es<\/span>\n<\/a>\n            <\/div>\n    <\/div>\n    <\/section>\n\n\n<section style=\"--block-pt: 6rem; padding-top: var(--block-pt);\" class=''>\n    <div style=\"\" class=\" wrap _with-paddings\">\n        <ul class=\"col list-none\">\n        <li class=\"text-content col-span-5 tablet:col-span-12\"><p class=\"heading-2 font-secondary\">Notre service PREMIUM<\/p>\n<div>Adopter un de nos chiots, c&rsquo;est pouvoir \u00eatre accompagn\u00e9 par l&rsquo;\u00e9leveur tout au long de la vie du chien.<\/div>\n<p>&nbsp;<\/p>\n<div>Notre devise :<br \/>\n&#8211; Le Bien-\u00eatre du chien et de son compagnon de vie<br \/>\n&#8211; La meilleure qualit\u00e9 en Europe !<\/div>\n<p>&nbsp;<\/p>\n<div>Nous \u00e9levons des chiens en bonne sant\u00e9 et sains d&rsquo;esprit.<\/div>\n<div>Nous souhaitons des adoptants heureux.<\/div>\n<div><\/div>\n<div>Nous proposons pour nos chiots un service PREMIUM (avec diff\u00e9rentes options possibles). Nous sommes un \u00e9levage \u00e9thique, responsable, et sommes tr\u00e8s soucieux du bien-\u00eatre de nos animaux, m\u00eame une fois c\u00e9d\u00e9s.<\/div>\n<p>&nbsp;<\/p>\n<div>Le service PREMIUM, c&rsquo;est quoi ? :<\/div>\n<div><\/div>\n<div>\u2022 Afin d&rsquo;anticiper les difficult\u00e9s que vous pourriez rencontrer dans l\u2019\u00e9ducation de votre chien, en partenariat avec Educadogs (S\u00e9bastien Boucher), nous offrons pour votre chiot une formation \u00e9ducative qui comprend une s\u00e9rie de vid\u00e9os \u00e0 visionner et une assistance WhatsApp de 30 jours en cas de probl\u00e8me de comportement du chiot. Ce service innovant a pour but de garantir \u00e0 votre chiot le meilleur d\u00e9part possible et au moins 12 ann\u00e9es de bonheur pour les ma\u00eetres.<\/div>\n<div>\u2022 En cas de probl\u00e8me de sant\u00e9, nous fournissons une garantie XXL\u00a0 et une assistance pour le client qui aurait des difficult\u00e9s \u00e0 prendre son chien en charge.<\/div>\n<div>\u2022 Si vous rencontrez une quelconque difficult\u00e9 de gardiennage avec votre chien (divorce, s\u00e9paration, maladie, d\u00e9c\u00e8s, d\u00e9part \u00e0 l\u2019\u00e9tranger soudain, etc.), nous pouvons nous occuper de lui trouver une nouvelle famille.<\/div>\n<\/li>\n        <li class=\"text-content col-span-7 mt-32 description-list tablet:col-span-12 tablet:mt-10\"><ul>\n<li>Formation \u00e9ducative, avec vid\u00e9os et assistance WhatsApp, en collaboration avec <a style=\"text-decoration: underline;\" href=\"https:\/\/educadogs.be\/\">Educadogs (S\u00e9bastien Boucher)<\/a><\/li>\n<li>Assurance sant\u00e9 XXL : dur\u00e9e de 6 ans et jusqu&rsquo;\u00e0 1500\u20ac : couvre absolument tout souci de sant\u00e9 pouvant survenir, en ce compris le d\u00e9c\u00e8s, sauf l&rsquo;accident : maladie g\u00e9n\u00e9tique, cong\u00e9nitale ou inexpliqu\u00e9e, d\u00e9faut quelconque \u2013 cette garantie est en quelque sorte une assurance \u00ab omnium \u00bb pour votre chiot<\/li>\n<li>Les parents de race cockers sont test\u00e9s pour les 2 maladies h\u00e9r\u00e9ditaires les plus fr\u00e9quentes chez le cocker, \u00e0 savoir l\u2019APR (atrophie progressive de la r\u00e9tine) et la NF (n\u00e9phropathie familiale) : nous ne faisons pas de mariage entre 2 parents porteurs et garantissons donc des chiots sains ou porteurs sains. Si vous optez pour le service PREMIUM, vous recevrez les certificats g\u00e9n\u00e9tiques des parents.<\/li>\n<li>Pedigree (arbre g\u00e9n\u00e9alogique sur 4 g\u00e9n\u00e9rations)  : pour tous les chiots. Certificat ADN de filiation (preuve de non-consanguinit\u00e9) : dans le service PREMIUM <\/li>\n<li>Pour tous les chiots : certificat v\u00e9t\u00e9rinaire de bonne sant\u00e9 et de suivi du chiot<\/li>\n<li>Pour tous les chiots : puce \u00e9lectronique (thermopuce : lit \u00e0 la fois le num\u00e9ro de la puce et la temp\u00e9rature corporelle du chien) et passeport europ\u00e9en<\/li>\n<li>Pour tous les chiots : suivi photo. Nous envoyons des photos \u00e0 nos acqu\u00e9reurs au moins 3 \u00e0 4 fois entre la naissance et le sevrage, ainsi ils peuvent suivre l\u2019\u00e9volution de leur chiot<\/li>\n<li>Site internet professionnel, complet et convivial, mis \u00e0 jour plusieurs fois par semaine<\/li>\n<\/ul>\n<\/li>\n    <\/ul>\n    <\/div>\n    <\/section>\n\n\n\n<section style=\"--block-mb: 6rem; margin-bottom: var(--block-mb);\" class=''>\n    <div style=\"\" class=\" wrap _with-paddings\">\n        <div class='list-of-buttons _center' >\n                                <a class='butt _gold' download=\"Contrat-de-cession-et-de-garantie-chiens-NON-SIGNE-aout-2024.pdf\" target=\"_blank\" href=\"https:\/\/duboisauxelfes.be\/content\/uploads\/sites\/3\/2024\/08\/Contrat-de-cession-et-de-garantie-chiens-NON-SIGNE-aout-2024.pdf\">\n\n<span class=\"butt__text\" >Consulter notre contrat de cession et de garantie <\/span>\n<\/a>\n            <\/div>\n    <\/div>\n    <\/section>\n\n\n<section style=\"background-color: #FBFAF4;--block-pt: 8rem; padding-top: var(--block-pt);--block-pb: 2rem; padding-bottom: var(--block-pb);\" class='relative z-20'>\n    <div style=\"\" class=\" wrap-md _with-paddings\">\n        <div class=\"text-content\" oat=\"fade-top\"><h2>Formation \u00e9ducative du chiot<\/h2>\n<p><span style=\"color: #333333;\">Ce service ind\u00e9dit, offert \u00e0 tous nos adoptants, est une formation \u00e9labor\u00e9e par Educadogs (S\u00e9bastien Boucher), qui poss\u00e8de plus de 25 ans d\u2019exp\u00e9rience en mati\u00e8re d\u2019\u00e9ducation canine, et avec qui nous travaillons avec succ\u00e8s depuis plusieurs ann\u00e9es d\u00e9j\u00e0. <\/span><\/p>\n<p>Cette d\u00e9marche s\u2019inscrit dans notre approche de haute qualit\u00e9 et d&rsquo;\u00e9leveur responsable.<\/p>\n<p>Nos adoptants re\u00e7oivent un code d&rsquo;acc\u00e8s aux vid\u00e9os bien avant d&rsquo;adopter leur chiot, afin de pouvoir se pr\u00e9parer correctement \u00e0 son arriv\u00e9e.<\/p>\n<p>&nbsp;<\/p>\n<p>Car l\u2019\u00e9ducation du chiot est un point primordial ! Ce n\u2019est pas une comp\u00e9tence inn\u00e9e, il est donc tr\u00e8s important que l&rsquo;adoptant mette les bonnes choses en place pour s\u2019assurer de passer 12 \u00e0 14 ann\u00e9es de bonheur avec son nouveau compagnon.<br \/>\nCeci lui \u00e9vitera bien des d\u00e9convenues telles que la destruction, le mordillement (voir les morsures), le grognement du chiot, l&rsquo;agressivit\u00e9 (notamment vis-\u00e0-vis des enfants), etc.<br \/>\nTous ces d\u00e9sagr\u00e9ments, qui peuvent parfois devenir un enfer, sont une des causes principales de l&rsquo;abandon animalier.<\/p>\n<p>&nbsp;<\/p>\n<p>Le service Educadogs comprend 2 volets :<br \/>\n&nbsp;<br \/>\n1) Avant l&rsquo;arriv\u00e9e du chiot : une formation \u00e0 l\u2019\u00e9ducation du chiot en vid\u00e9os qui aborde tous les points suivants :<br \/>\n\u2022 Mat\u00e9riel et accessoires n\u00e9cessaires \u00e0 l&rsquo;accueil de votre chiot<br \/>\n\u2022 Cage, parc ou panier ?<br \/>\n\u2022 Pr\u00e9paration de votre habitation<br \/>\n\u2022 L&rsquo;arriv\u00e9e du chiot et les premi\u00e8res nuits<br \/>\n\u2022 L&rsquo;alimentation et l&rsquo;apprentissage de la propret\u00e9<br \/>\n\u2022 Votre chiot et sa gamelle<br \/>\n\u2022 Interactions, moments de jeu et repos<br \/>\n\u2022 L&rsquo;apprentissage de la solitude<br \/>\n\u2022 La gestion des mordillements<br \/>\n\u2022 Comment \u00e9viter les sauts ?<br \/>\n\u2022 La socialisation et la sociabilisation de votre chiot<br \/>\n\u2022 Les premi\u00e8res ballades<br \/>\n\u2022 Les fondamentaux de l&rsquo;ob\u00e9issance<br \/>\n\u2022 Comment et combien de temps consacrer \u00e0 l&rsquo;ob\u00e9issance de votre chiot ?<br \/>\n\u2022 Comment r\u00e9compenser son chiot ?<br \/>\n\u2022 Quels exercices sont n\u00e9cessaires et pourquoi ?<br \/>\n\u2022 Hygi\u00e8ne et manipulation<br \/>\n\u2022 La position \u00ab\u00a0assis\u00a0\u00bb<br \/>\n\u2022 La position \u00ab\u00a0couch\u00e9\u00a0\u00bb<br \/>\n\u2022 La position \u00ab\u00a0reste\u00a0\u00bb<br \/>\n\u2022 La marche en laisse<br \/>\n\u2022 Initiation au rappel<br \/>\n\u2022 Dans ton panier \/ A ta place<br \/>\n\u2022 Apporte et donne<br \/>\n&nbsp;<br \/>\n2) Apr\u00e8s l&rsquo;arriv\u00e9e du chiot : une assistance via WhatsApp avec Educadogs en cas de probl\u00e8me de comportement ou pour tout besoin de conseil<\/p>\n<p>&nbsp;<\/p>\n<p>&nbsp;<\/p>\n<p><a class=\"butt\" href=\"https:\/\/educadogs.be\/\" target=\"_blank\" rel=\"noopener\"><span class=\"butt__text\">D\u00e9couvrir le site de Educadogs<\/span><\/a><\/p>\n<p>&nbsp;<\/p>\n<p><img decoding=\"async\" loading=\"lazy\" class=\"alignnone wp-image-1256 size-full\" src=\"https:\/\/duboisauxelfes.be\/content\/uploads\/2023\/08\/DOCUMENT-CODE-PROMO.png\" alt=\"\" width=\"1350\" height=\"650\" \/><\/p>\n<p>&nbsp;<\/p>\n<p><!-- wp:acf\/texts {\"id\":\"block_6385e2dc11b1b\",\"name\":\"acf\/texts\",\"data\":{\"center\":\"0\",\"_center\":\"field_center_blocks_texts\",\"content\":\"\\u003cimg class=\\u0022size-full wp-image-19 aligncenter\\u0022 style=\\u0022margin: 0 auto;\\u0022 src=\\u0022http:\/\/du-bois-aux-elfes.onie.be\/content\/uploads\/sites\/2\/2022\/11\/decos.svg\\u0022 alt=\\u0022\\u0022 \/\\u003e\\r\\n\\u003cp class=\\u0022heading-3 font-secondary\\u0022 style=\\u0022text-align: center;\\u0022\\u003eUne famille passionn\u00e9e\\u003c\/p\\u003e\\r\\n\\u003cp class=\\u0022heading-6\\u0022 style=\\u0022text-align: center;\\u0022\\u003eBien plus qu'un \u00e9levage, le Domaine du Bois aux Elfes c'est toute une famille engag\u00e9e et passionn\u00e9e, et une \u00e9quipe de 10 personnes, qui se donne corps et \u00e2me, 7 jours sur 7, et presque 24 heures sur 24, pour procurer \u00e0 ses animaux absolument tout ce dont ils ont besoin : amour, soins, hygi\u00e8ne, jeux, sociabilisation, promenades... Nous vivons en permanence avec nos chiens et nos chats, qui font partie int\u00e9grante de notre espace de vie. C'est cette d\u00e9votion qui donne tant de valeur \u00e0 nos petits compagnons et en fait des \u00eatres si attachants. Pour s\u00fbr, vous ne serez pas d\u00e9\u00e7u du petit poilu que vous adopterez chez nous !\\u003c\/p\\u003e\",\"_content\":\"field_content_blocks_texts\",\"padding_top\":\"8\",\"_padding_top\":\"field_padding_top_blocks_texts\",\"padding_bottom\":\"2\",\"_padding_bottom\":\"field_padding_bottom_blocks_texts\",\"margin_top\":\"\",\"_margin_top\":\"field_margin_top_blocks_texts\",\"margin_bottom\":\"\",\"_margin_bottom\":\"field_margin_bottom_blocks_texts\",\"container_width_class\":\"wrap-md\",\"_container_width_class\":\"field_container_width_class_blocks_texts\",\"container_with_paddings\":\"1\",\"_container_with_paddings\":\"field_container_with_paddings_blocks_texts\",\"has_background\":\"1\",\"_has_background\":\"field_has_background_texts\",\"predefined_background\":\"#FBFAF4\",\"_predefined_background\":\"field_predefined_background_blocks_texts\",\"hide\":\"0\",\"_hide\":\"field_hide_blocks_texts\",\"id\":\"\",\"_id\":\"field_id_blocks_texts\"},\"align\":\"\",\"mode\":\"edit\"} \/--><\/p><\/div>\n    <\/div>\n    <\/section>\n\n","protected":false},"excerpt":{"rendered":"","protected":false},"author":2,"featured_media":0,"parent":0,"menu_order":20,"comment_status":"closed","ping_status":"closed","template":"","meta":[],"yoast_head":"<!-- This site is optimized with the Yoast SEO plugin v20.6 - https:\/\/yoast.com\/wordpress\/plugins\/seo\/ -->\n<title>Service - \u00c9levage du Bois aux Elfes - chiens<\/title>\n<meta name=\"robots\" content=\"index, follow, max-snippet:-1, max-image-preview:large, max-video-preview:-1\" \/>\n<link rel=\"canonical\" href=\"https:\/\/duboisauxelfes.be\/chiens\/service\/\" \/>\n<meta property=\"og:locale\" content=\"fr_FR\" \/>\n<meta property=\"og:type\" content=\"article\" \/>\n<meta property=\"og:title\" content=\"Service - \u00c9levage du Bois aux Elfes - chiens\" \/>\n<meta property=\"og:url\" content=\"https:\/\/duboisauxelfes.be\/chiens\/service\/\" \/>\n<meta property=\"og:site_name\" content=\"\u00c9levage du Bois aux Elfes - chiens\" \/>\n<meta property=\"article:modified_time\" content=\"2025-08-03T20:27:52+00:00\" \/>\n<meta name=\"twitter:card\" content=\"summary_large_image\" \/>\n<script type=\"application\/ld+json\" class=\"yoast-schema-graph\">{\"@context\":\"https:\/\/schema.org\",\"@graph\":[{\"@type\":\"WebPage\",\"@id\":\"https:\/\/duboisauxelfes.be\/chiens\/service\/\",\"url\":\"https:\/\/duboisauxelfes.be\/chiens\/service\/\",\"name\":\"Service - \u00c9levage du Bois aux Elfes - chiens\",\"isPartOf\":{\"@id\":\"https:\/\/duboisauxelfes.be\/chiens\/#website\"},\"datePublished\":\"2022-11-29T12:15:06+00:00\",\"dateModified\":\"2025-08-03T20:27:52+00:00\",\"breadcrumb\":{\"@id\":\"https:\/\/duboisauxelfes.be\/chiens\/service\/#breadcrumb\"},\"inLanguage\":\"fr-FR\",\"potentialAction\":[{\"@type\":\"ReadAction\",\"target\":[\"https:\/\/duboisauxelfes.be\/chiens\/service\/\"]}]},{\"@type\":\"BreadcrumbList\",\"@id\":\"https:\/\/duboisauxelfes.be\/chiens\/service\/#breadcrumb\",\"itemListElement\":[{\"@type\":\"ListItem\",\"position\":1,\"name\":\"Home\",\"item\":\"https:\/\/duboisauxelfes.be\/chiens\/\"},{\"@type\":\"ListItem\",\"position\":2,\"name\":\"Service\"}]},{\"@type\":\"WebSite\",\"@id\":\"https:\/\/duboisauxelfes.be\/chiens\/#website\",\"url\":\"https:\/\/duboisauxelfes.be\/chiens\/\",\"name\":\"\u00c9levage du Bois aux Elfes - chiens\",\"description\":\"\",\"potentialAction\":[{\"@type\":\"SearchAction\",\"target\":{\"@type\":\"EntryPoint\",\"urlTemplate\":\"https:\/\/duboisauxelfes.be\/chiens\/?s={search_term_string}\"},\"query-input\":\"required name=search_term_string\"}],\"inLanguage\":\"fr-FR\"}]}<\/script>\n<!-- \/ Yoast SEO plugin. -->","yoast_head_json":{"title":"Service - \u00c9levage du Bois aux Elfes - chiens","robots":{"index":"index","follow":"follow","max-snippet":"max-snippet:-1","max-image-preview":"max-image-preview:large","max-video-preview":"max-video-preview:-1"},"canonical":"https:\/\/duboisauxelfes.be\/chiens\/service\/","og_locale":"fr_FR","og_type":"article","og_title":"Service - \u00c9levage du Bois aux Elfes - chiens","og_url":"https:\/\/duboisauxelfes.be\/chiens\/service\/","og_site_name":"\u00c9levage du Bois aux Elfes - chiens","article_modified_time":"2025-08-03T20:27:52+00:00","twitter_card":"summary_large_image","schema":{"@context":"https:\/\/schema.org","@graph":[{"@type":"WebPage","@id":"https:\/\/duboisauxelfes.be\/chiens\/service\/","url":"https:\/\/duboisauxelfes.be\/chiens\/service\/","name":"Service - \u00c9levage du Bois aux Elfes - chiens","isPartOf":{"@id":"https:\/\/duboisauxelfes.be\/chiens\/#website"},"datePublished":"2022-11-29T12:15:06+00:00","dateModified":"2025-08-03T20:27:52+00:00","breadcrumb":{"@id":"https:\/\/duboisauxelfes.be\/chiens\/service\/#breadcrumb"},"inLanguage":"fr-FR","potentialAction":[{"@type":"ReadAction","target":["https:\/\/duboisauxelfes.be\/chiens\/service\/"]}]},{"@type":"BreadcrumbList","@id":"https:\/\/duboisauxelfes.be\/chiens\/service\/#breadcrumb","itemListElement":[{"@type":"ListItem","position":1,"name":"Home","item":"https:\/\/duboisauxelfes.be\/chiens\/"},{"@type":"ListItem","position":2,"name":"Service"}]},{"@type":"WebSite","@id":"https:\/\/duboisauxelfes.be\/chiens\/#website","url":"https:\/\/duboisauxelfes.be\/chiens\/","name":"\u00c9levage du Bois aux Elfes - chiens","description":"","potentialAction":[{"@type":"SearchAction","target":{"@type":"EntryPoint","urlTemplate":"https:\/\/duboisauxelfes.be\/chiens\/?s={search_term_string}"},"query-input":"required name=search_term_string"}],"inLanguage":"fr-FR"}]}},"_links":{"self":[{"href":"https:\/\/duboisauxelfes.be\/chiens\/wp-json\/wp\/v2\/pages\/31"}],"collection":[{"href":"https:\/\/duboisauxelfes.be\/chiens\/wp-json\/wp\/v2\/pages"}],"about":[{"href":"https:\/\/duboisauxelfes.be\/chiens\/wp-json\/wp\/v2\/types\/page"}],"author":[{"embeddable":true,"href":"https:\/\/duboisauxelfes.be\/chiens\/wp-json\/wp\/v2\/users\/2"}],"replies":[{"embeddable":true,"href":"https:\/\/duboisauxelfes.be\/chiens\/wp-json\/wp\/v2\/comments?post=31"}],"version-history":[{"count":219,"href":"https:\/\/duboisauxelfes.be\/chiens\/wp-json\/wp\/v2\/pages\/31\/revisions"}],"predecessor-version":[{"id":10241,"href":"https:\/\/duboisauxelfes.be\/chiens\/wp-json\/wp\/v2\/pages\/31\/revisions\/10241"}],"wp:attachment":[{"href":"https:\/\/duboisauxelfes.be\/chiens\/wp-json\/wp\/v2\/media?parent=31"}],"curies":[{"name":"wp","href":"https:\/\/api.w.org\/{rel}","templated":true}]}}