{"id":2823,"date":"2023-01-19T15:11:58","date_gmt":"2023-01-19T14:11:58","guid":{"rendered":"https:\/\/du-bois-aux-elfes.onie.be\/chiens\/?page_id=2823"},"modified":"2026-04-22T12:11:04","modified_gmt":"2026-04-22T10:11:04","slug":"combien-coute-un-chiot","status":"publish","type":"page","link":"https:\/\/duboisauxelfes.be\/chiens\/combien-coute-un-chiot\/","title":{"rendered":"Combien co\u00fbte un chiot ?"},"content":{"rendered":"<section style=\"--block-mt: 12rem; margin-top: var(--block-mt);\" class='relative z-20'>\n    <div style=\"\" class=\" wrap _with-paddings\">\n        <div class=\"text-content\" oat=\"fade-top\"><h3 class=\"heading-2\" style=\"text-align: center;\">Combien co\u00fbte un chiot ?<\/h3><\/div>\n    <\/div>\n    <\/section>\n\n\n\n<section style=\"--block-mt: 6rem; margin-top: var(--block-mt);--block-pb: 6rem; padding-bottom: var(--block-pb);\" class='relative z-20'>\n    <div style=\"\" class=\" wrap _with-paddings\">\n        <div class=\"text-content\" oat=\"fade-top\"><p>Prix de base : 2600\u20ac<br \/>\nComprend : Passeport europ\u00e9en, thermopuce \u00e9lectronique, pedigree sur 4 g\u00e9n\u00e9rations avec filiation par ADN, certificat v\u00e9t\u00e9rinaire de suivi, certificat APR\/NF (cockers), Assistance \u00e0 l&rsquo;\u00e9ducation Educadogs, garantie de 2 ans en cas de d\u00e9c\u00e8s<\/p>\n<p>&nbsp;<\/p>\n<p>Suppl\u00e9ment coloris :<br \/>\n&#8211; Cocker noir, coker\/teckel noir\/feu : pas de suppl\u00e9ment<br \/>\n&#8211; Cocker rouge, cocker rouann\u00e9 (bleu, chocolat, tricolore), teckel fauve charbonn\u00e9, teckel sanglier : + 500\u20ac<br \/>\n&#8211; Cocker chocolat, cocker chocolat\/feu, cocker zibeline, coker organge rouann\u00e9, cocker tricolore chocolat, teckel bring\u00e9, teckel chocolat, teckel arlequin, teckel fauve clair : + 1000\u20ac<\/p>\n<p>&nbsp;<\/p>\n<p>Option 1 &#8211; Assistance ASBL : + 1000\u20ac<br \/>\n&#8211; Gardiennage durant les vacances ou en cas de difficult\u00e9s personnelles (tarif : 15\u20ac\/nuit\u00e9e)<br \/>\n&#8211; Ecoute, conseils, soutien psychologique<br \/>\n&#8211; Reprise du chien et placement dans une nouvelle famille<\/p>\n<p>&nbsp;<\/p>\n<p>Option 2 &#8211; Extension de garantie : + 2000\u20ac<br \/>\n&#8211; Dur\u00e9e de 6 ans<br \/>\n&#8211; Remboursement des frais v\u00e9t\u00e9rinaires en cas de probl\u00e8me de sant\u00e9 non accidentel, jusqu&rsquo;\u00e0 1500\u20ac<\/p>\n<p>&nbsp;<\/p>\n<p>Option 3 &#8211; Exportation Europe (sauf Suisse et Luxembourg) : + 450\u20ac<br \/>\n&#8211; Vaccin rage + pension jusqu&rsquo;\u00e0 l&rsquo;\u00e2ge de 15 semaines, en attente des 21 jours d&rsquo;incubation suivant vaccin<\/p>\n<p>&nbsp;<\/p>\n<p>Option 4 &#8211; Exportation hors Europe : + 1000\u20ac<br \/>\n&#8211; Vaccin rage + pension jusqu&rsquo;\u00e0 l&rsquo;\u00e2ge de 15 semaines, en attente des 21 jours d&rsquo;incubation suivant vaccin<br \/>\n&#8211; Titrage<br \/>\n&#8211; Certification AFSCA pour exportation internationale<\/p>\n<p>&nbsp;<\/p>\n<p>Nos valeurs :<br \/>\n&#8211; Le Bien-\u00eatre du chien <strong>et<\/strong> de son compagnon de vie<br \/>\n&#8211; La meilleure qualit\u00e9 en Europe<\/p>\n<p>&nbsp;<\/p>\n<p>Un chien n&rsquo;est pas un jouet. C&rsquo;est un \u00eatre vivant avec lequel vous vous appr\u00eatez \u00e0 vivre 12 \u00e0 14 ans, voire un peu plus, et qui vous apportera beaucoup de bonheur. Il fera partie int\u00e9grante de votre famille.<\/p>\n<p>&nbsp;<\/p>\n<p>Etre capable de mettre le prix pour un bon chien, c&rsquo;est reconna\u00eetre la valeur de l&rsquo;animal et s&rsquo;assurer d&rsquo;avoir les moyens de subvenir correctement\u00a0 \u00e0 ses besoins tout au long de sa vie. Nos prix ne sont h\u00e9las pas n\u00e9gociables.<\/p>\n<p>&nbsp;<\/p>\n<p>ON EN A TOUJOURS POUR SON ARGENT !<br \/>\n\u00ab\u00a0Acheter trop bon march\u00e9, c&rsquo;est mettre de l&rsquo;eau dans une outre perc\u00e9e\u00a0\u00bb (proverbe kurdes)<\/p><\/div>\n    <\/div>\n    <\/section>\n\n\n\n\n<p><\/p>\n","protected":false},"excerpt":{"rendered":"","protected":false},"author":2,"featured_media":0,"parent":0,"menu_order":4,"comment_status":"closed","ping_status":"closed","template":"","meta":[],"yoast_head":"<!-- This site is optimized with the Yoast SEO plugin v20.6 - https:\/\/yoast.com\/wordpress\/plugins\/seo\/ -->\n<title>Combien co\u00fbte un chiot ? - \u00c9levage du Bois aux Elfes - chiens<\/title>\n<meta name=\"robots\" content=\"index, follow, max-snippet:-1, max-image-preview:large, max-video-preview:-1\" \/>\n<link rel=\"canonical\" href=\"https:\/\/duboisauxelfes.be\/chiens\/combien-coute-un-chiot\/\" \/>\n<meta property=\"og:locale\" content=\"fr_FR\" \/>\n<meta property=\"og:type\" content=\"article\" \/>\n<meta property=\"og:title\" content=\"Combien co\u00fbte un chiot ? - \u00c9levage du Bois aux Elfes - chiens\" \/>\n<meta property=\"og:url\" content=\"https:\/\/duboisauxelfes.be\/chiens\/combien-coute-un-chiot\/\" \/>\n<meta property=\"og:site_name\" content=\"\u00c9levage du Bois aux Elfes - chiens\" \/>\n<meta property=\"article:modified_time\" content=\"2026-04-22T10:11:04+00:00\" \/>\n<meta name=\"twitter:card\" content=\"summary_large_image\" \/>\n<script type=\"application\/ld+json\" class=\"yoast-schema-graph\">{\"@context\":\"https:\/\/schema.org\",\"@graph\":[{\"@type\":\"WebPage\",\"@id\":\"https:\/\/duboisauxelfes.be\/chiens\/combien-coute-un-chiot\/\",\"url\":\"https:\/\/duboisauxelfes.be\/chiens\/combien-coute-un-chiot\/\",\"name\":\"Combien co\u00fbte un chiot ? - \u00c9levage du Bois aux Elfes - chiens\",\"isPartOf\":{\"@id\":\"https:\/\/duboisauxelfes.be\/chiens\/#website\"},\"datePublished\":\"2023-01-19T14:11:58+00:00\",\"dateModified\":\"2026-04-22T10:11:04+00:00\",\"breadcrumb\":{\"@id\":\"https:\/\/duboisauxelfes.be\/chiens\/combien-coute-un-chiot\/#breadcrumb\"},\"inLanguage\":\"fr-FR\",\"potentialAction\":[{\"@type\":\"ReadAction\",\"target\":[\"https:\/\/duboisauxelfes.be\/chiens\/combien-coute-un-chiot\/\"]}]},{\"@type\":\"BreadcrumbList\",\"@id\":\"https:\/\/duboisauxelfes.be\/chiens\/combien-coute-un-chiot\/#breadcrumb\",\"itemListElement\":[{\"@type\":\"ListItem\",\"position\":1,\"name\":\"Home\",\"item\":\"https:\/\/duboisauxelfes.be\/chiens\/\"},{\"@type\":\"ListItem\",\"position\":2,\"name\":\"Combien co\u00fbte un chiot ?\"}]},{\"@type\":\"WebSite\",\"@id\":\"https:\/\/duboisauxelfes.be\/chiens\/#website\",\"url\":\"https:\/\/duboisauxelfes.be\/chiens\/\",\"name\":\"\u00c9levage du Bois aux Elfes - chiens\",\"description\":\"\",\"potentialAction\":[{\"@type\":\"SearchAction\",\"target\":{\"@type\":\"EntryPoint\",\"urlTemplate\":\"https:\/\/duboisauxelfes.be\/chiens\/?s={search_term_string}\"},\"query-input\":\"required name=search_term_string\"}],\"inLanguage\":\"fr-FR\"}]}<\/script>\n<!-- \/ Yoast SEO plugin. -->","yoast_head_json":{"title":"Combien co\u00fbte un chiot ? - \u00c9levage du Bois aux Elfes - chiens","robots":{"index":"index","follow":"follow","max-snippet":"max-snippet:-1","max-image-preview":"max-image-preview:large","max-video-preview":"max-video-preview:-1"},"canonical":"https:\/\/duboisauxelfes.be\/chiens\/combien-coute-un-chiot\/","og_locale":"fr_FR","og_type":"article","og_title":"Combien co\u00fbte un chiot ? - \u00c9levage du Bois aux Elfes - chiens","og_url":"https:\/\/duboisauxelfes.be\/chiens\/combien-coute-un-chiot\/","og_site_name":"\u00c9levage du Bois aux Elfes - chiens","article_modified_time":"2026-04-22T10:11:04+00:00","twitter_card":"summary_large_image","schema":{"@context":"https:\/\/schema.org","@graph":[{"@type":"WebPage","@id":"https:\/\/duboisauxelfes.be\/chiens\/combien-coute-un-chiot\/","url":"https:\/\/duboisauxelfes.be\/chiens\/combien-coute-un-chiot\/","name":"Combien co\u00fbte un chiot ? - \u00c9levage du Bois aux Elfes - chiens","isPartOf":{"@id":"https:\/\/duboisauxelfes.be\/chiens\/#website"},"datePublished":"2023-01-19T14:11:58+00:00","dateModified":"2026-04-22T10:11:04+00:00","breadcrumb":{"@id":"https:\/\/duboisauxelfes.be\/chiens\/combien-coute-un-chiot\/#breadcrumb"},"inLanguage":"fr-FR","potentialAction":[{"@type":"ReadAction","target":["https:\/\/duboisauxelfes.be\/chiens\/combien-coute-un-chiot\/"]}]},{"@type":"BreadcrumbList","@id":"https:\/\/duboisauxelfes.be\/chiens\/combien-coute-un-chiot\/#breadcrumb","itemListElement":[{"@type":"ListItem","position":1,"name":"Home","item":"https:\/\/duboisauxelfes.be\/chiens\/"},{"@type":"ListItem","position":2,"name":"Combien co\u00fbte un chiot ?"}]},{"@type":"WebSite","@id":"https:\/\/duboisauxelfes.be\/chiens\/#website","url":"https:\/\/duboisauxelfes.be\/chiens\/","name":"\u00c9levage du Bois aux Elfes - chiens","description":"","potentialAction":[{"@type":"SearchAction","target":{"@type":"EntryPoint","urlTemplate":"https:\/\/duboisauxelfes.be\/chiens\/?s={search_term_string}"},"query-input":"required name=search_term_string"}],"inLanguage":"fr-FR"}]}},"_links":{"self":[{"href":"https:\/\/duboisauxelfes.be\/chiens\/wp-json\/wp\/v2\/pages\/2823"}],"collection":[{"href":"https:\/\/duboisauxelfes.be\/chiens\/wp-json\/wp\/v2\/pages"}],"about":[{"href":"https:\/\/duboisauxelfes.be\/chiens\/wp-json\/wp\/v2\/types\/page"}],"author":[{"embeddable":true,"href":"https:\/\/duboisauxelfes.be\/chiens\/wp-json\/wp\/v2\/users\/2"}],"replies":[{"embeddable":true,"href":"https:\/\/duboisauxelfes.be\/chiens\/wp-json\/wp\/v2\/comments?post=2823"}],"version-history":[{"count":150,"href":"https:\/\/duboisauxelfes.be\/chiens\/wp-json\/wp\/v2\/pages\/2823\/revisions"}],"predecessor-version":[{"id":12204,"href":"https:\/\/duboisauxelfes.be\/chiens\/wp-json\/wp\/v2\/pages\/2823\/revisions\/12204"}],"wp:attachment":[{"href":"https:\/\/duboisauxelfes.be\/chiens\/wp-json\/wp\/v2\/media?parent=2823"}],"curies":[{"name":"wp","href":"https:\/\/api.w.org\/{rel}","templated":true}]}}