{"id":26,"date":"2022-11-29T13:05:25","date_gmt":"2022-11-29T12:05:25","guid":{"rendered":"http:\/\/du-bois-aux-elfes.onie.be\/chiens\/?page_id=26"},"modified":"2025-03-28T17:29:13","modified_gmt":"2025-03-28T16:29:13","slug":"teckels","status":"publish","type":"page","link":"https:\/\/duboisauxelfes.be\/chiens\/teckels\/","title":{"rendered":"Teckels"},"content":{"rendered":"<section style=\"--block-mt: 12rem; margin-top: var(--block-mt);\" class='relative z-20'>\n    <div style=\"\" class=\" wrap _with-paddings\">\n        <div class=\"text-content\" oat=\"fade-top\"><p class=\"heading-2 font-secondary\" style=\"text-align: center;\">Teckels nains\/kaninchen \u00e0 poils ras<\/p><\/div>\n    <\/div>\n    <\/section>\n\n\n\n<section style=\"--block-mt: 4rem; margin-top: var(--block-mt);\" class=''>\n    <div style=\"\" class=\" wrap _with-paddings\">\n        <div class=\"aspect-[1170\/384] h-full w-full\">        <picture>\n                            <source data-srcset=\"https:\/\/duboisauxelfes.be\/content\/uploads\/sites\/3\/2022\/12\/0f6e90c3f920f59175558691c8273bf5-1-620x203.jpg, https:\/\/duboisauxelfes.be\/content\/uploads\/sites\/3\/2022\/12\/0f6e90c3f920f59175558691c8273bf5-1-1240x407.jpg 2x\" media=\"(max-width: 620px)\">\n                            <source data-srcset=\"https:\/\/duboisauxelfes.be\/content\/uploads\/sites\/3\/2022\/12\/0f6e90c3f920f59175558691c8273bf5-1-1040x341.jpg, https:\/\/duboisauxelfes.be\/content\/uploads\/sites\/3\/2022\/12\/0f6e90c3f920f59175558691c8273bf5-1-2080x683.jpg 2x\" media=\"(max-width: 1040px)\">\n                            <source data-srcset=\"https:\/\/duboisauxelfes.be\/content\/uploads\/sites\/3\/2022\/12\/0f6e90c3f920f59175558691c8273bf5-1-1440x473.jpg, https:\/\/duboisauxelfes.be\/content\/uploads\/sites\/3\/2022\/12\/0f6e90c3f920f59175558691c8273bf5-1.jpg 2x\" media=\"(max-width: 1440px)\">\n                            <source data-srcset=\"https:\/\/duboisauxelfes.be\/content\/uploads\/sites\/3\/2022\/12\/0f6e90c3f920f59175558691c8273bf5-1-1920x630.jpg, https:\/\/duboisauxelfes.be\/content\/uploads\/sites\/3\/2022\/12\/0f6e90c3f920f59175558691c8273bf5-1.jpg 2x\" media=\"(max-width: 1920px)\">\n            \n            <img\n                class='lazyload lazypreload w-full object-cover object-center aspect-[1170\/384] gsap-wide'                alt=\"\"                    data-srcset=\"https:\/\/duboisauxelfes.be\/content\/uploads\/sites\/3\/2022\/12\/0f6e90c3f920f59175558691c8273bf5-1-1920x630.jpg 1x, https:\/\/duboisauxelfes.be\/content\/uploads\/sites\/3\/2022\/12\/0f6e90c3f920f59175558691c8273bf5-1.jpg 2x\"\n                    src=\"https:\/\/duboisauxelfes.be\/content\/uploads\/sites\/3\/2022\/12\/0f6e90c3f920f59175558691c8273bf5-1-100x33.jpg\"\/>\n\n        <\/picture>\n        <\/div>\n    <\/div>\n    <\/section>\n\n\n\n<section style=\"--block-pt: 4rem; padding-top: var(--block-pt);\" class='relative z-20'>\n    <div style=\"\" class=\" wrap-md _with-paddings\">\n        <div class=\"text-content\" oat=\"fade-top\"><p class=\"heading-5 font-secondary\" style=\"text-align: center;\">Nous \u00e9levons des teckels nains et kanichen \u00e0 poil ras de pure race aux superbes robes : fauve charbonn\u00e9, noir et feu, sanglier (coloris classiques) ou encore merle (gris arlequin et chocolat arlequin), chocolat et feu, bring\u00e9 et fauve clair (coloris plus rares).<\/p><\/div>\n    <\/div>\n    <\/section>\n\n\n\n<section style=\"--block-pb: 6rem; padding-bottom: var(--block-pb);\" class=''>\n    <div style=\"\" class=\" wrap _with-paddings\">\n        <div class='list-of-buttons _center' >\n                                <a class='butt _dark' href=\"https:\/\/duboisauxelfes.be\/chiens\/chiens-disponibles\/?race=teckels\">\n\n<span class=\"butt__text\" >Voir nos chiots<\/span>\n<\/a>\n            <\/div>\n    <\/div>\n    <\/section>\n\n\n<section style=\"background-color: #FBFAF4;--block-pt: 6rem; padding-top: var(--block-pt);--block-pb: 6rem; padding-bottom: var(--block-pb);\" class='description-image relative'>\n    <div style=\"\" class=\" wrap _with-paddings\">\n        <ul class=\"col flex-col list-none gap-12 wrap _with-paddings z-30  bg-transparent \">\n        <li class=\"col-span-5 tablet:col-span-12 desktop:col-span-5 gsap-translate-left\">\n            <div class=\"text-content\"><p class=\"heading-2 font-secondary\">Le Teckel nain \u00e0 poil ras<\/p>\n<\/div>\n            <div class='list-of-buttons description-image relative' >\n                                <a class='butt _dark' href=\"https:\/\/duboisauxelfes.be\/chiens\/portees-nees\/?race=teckels\">\n\n<span class=\"butt__text\" >Voir nos port\u00e9es<\/span>\n<\/a>\n            <\/div>\n        <\/li>\n        <li class=\"col-span-7 desktop:col-span-12\">\n            <div class=\"text-content leading-loose gsap-translate-right\"><div>Le teckel nain \u00e0 poil ras est notre premier amour de chien. D\u00e9j\u00e0 tr\u00e8s actif dans l\u2019\u00e9levage de cocker spaniel anglais, nous avons d\u00e9cid\u00e9 d\u2019\u00e9tendre nos activit\u00e9s en revenant \u00e0 nos premiers amours. Ce petit animal splendide et joueur est d\u2019une complicit\u00e9 remarquable avec son ma\u00eetre. Le teckel kaninchen est le plus petit teckel de race mais beaucoup plus rare que le nain. Il est aussi, h\u00e9las, moins r\u00e9sistant, tr\u00e8s frileux et moins sportif. La plupart de nos teckels p\u00e8sent \u00e0 l&rsquo;\u00e2ge adulte entre 4,5 et 5,5kg, de temps \u00e0 autre nous avons des chiots un peu plus petits (entre 3,5 et 4,5 kg) ou un peu plus grands (jusqu&rsquo;\u00e0 6 kg). Il est tr\u00e8s difficile, voire impossible de d\u00e9terminer de fa\u00e7on s\u00fbr quelle sera le poids final du chien adulte, lorsqu&rsquo;ils sont jeunes chiots de 9 semaines. Chien de compagnie extraordinaire de par son caract\u00e8re tenace. Fid\u00e8le \u00e0 son ma\u00eetre il ne vous quittera plus d\u2019une semelle. Robuste, courageux, endurant, affectueux et gai, il est \u00e9galement agr\u00e9able, facile \u00e0 transporter et \u00e0 chouchouter.<\/div>\n<div><\/div>\n<div>D\u2019origine destin\u00e9s \u00e0 la chasse, le teckel est r\u00e9sistant et vigoureux. Aujourd\u2019hui, il est tr\u00e8s appr\u00e9ci\u00e9 comme chien de compagnie. Il est appr\u00e9ci\u00e9 pour son c\u00f4t\u00e9 \u00e9nergique, joueur et malicieux.<\/div>\n<div><\/div>\n<div>Nous vous proposons de venir rencontrer nos chiens et nos chiots, et d\u2019appr\u00e9cier l\u2019environnement dans lequel ils \u00e9voluent. Nos teckels sont splendides et vous demanderont peu d\u2019entretien.<\/div>\n<\/div>\n        <\/li>\n    <\/ul>\n    <\/div>\n    <\/section>\n\n\n\n<section style=\"background-color: #FBFAF4;--block-pb: 6rem; padding-bottom: var(--block-pb);\" class=''>\n    <div style=\"\" class=\" wrap _with-paddings\">\n        <div class=\"  w-full gap-10 relative col aspect-[1170\/407] gsap-appear\">\n            <div class=\"w-full  col-span-5 tablet:col-span-12  \">        <picture>\n                            <source data-srcset=\"https:\/\/duboisauxelfes.be\/content\/uploads\/sites\/3\/2023\/08\/Tokyo2-1.jpg, https:\/\/duboisauxelfes.be\/content\/uploads\/sites\/3\/2023\/08\/Tokyo2-1.jpg 2x\" media=\"(max-width: 620px)\">\n                            <source data-srcset=\"https:\/\/duboisauxelfes.be\/content\/uploads\/sites\/3\/2023\/08\/Tokyo2-1.jpg, https:\/\/duboisauxelfes.be\/content\/uploads\/sites\/3\/2023\/08\/Tokyo2-1.jpg 2x\" media=\"(max-width: 1040px)\">\n                            <source data-srcset=\"https:\/\/duboisauxelfes.be\/content\/uploads\/sites\/3\/2023\/08\/Tokyo2-1.jpg, https:\/\/duboisauxelfes.be\/content\/uploads\/sites\/3\/2023\/08\/Tokyo2-1.jpg 2x\" media=\"(max-width: 1440px)\">\n                            <source data-srcset=\"https:\/\/duboisauxelfes.be\/content\/uploads\/sites\/3\/2023\/08\/Tokyo2-1.jpg, https:\/\/duboisauxelfes.be\/content\/uploads\/sites\/3\/2023\/08\/Tokyo2-1.jpg 2x\" media=\"(max-width: 1920px)\">\n            \n            <img\n                class='lazyload lazypreload h-full w-full object-cover object center'                alt=\"\"                    data-srcset=\"https:\/\/duboisauxelfes.be\/content\/uploads\/sites\/3\/2023\/08\/Tokyo2-1.jpg 1x, https:\/\/duboisauxelfes.be\/content\/uploads\/sites\/3\/2023\/08\/Tokyo2-1.jpg 2x\"\n                    src=\"https:\/\/duboisauxelfes.be\/content\/uploads\/sites\/3\/2023\/08\/Tokyo2-1-100x133.jpg\"\/>\n\n        <\/picture>\n        <\/div>\n            <div class=\"w-full  col-span-7 tablet:col-span-12  \">        <picture>\n                            <source data-srcset=\"https:\/\/duboisauxelfes.be\/content\/uploads\/sites\/3\/2023\/08\/Teckel-male-arlequin-chocolat-7-620x465.jpg, https:\/\/duboisauxelfes.be\/content\/uploads\/sites\/3\/2023\/08\/Teckel-male-arlequin-chocolat-7-1240x930.jpg 2x\" media=\"(max-width: 620px)\">\n                            <source data-srcset=\"https:\/\/duboisauxelfes.be\/content\/uploads\/sites\/3\/2023\/08\/Teckel-male-arlequin-chocolat-7-1040x780.jpg, https:\/\/duboisauxelfes.be\/content\/uploads\/sites\/3\/2023\/08\/Teckel-male-arlequin-chocolat-7-2080x1560.jpg 2x\" media=\"(max-width: 1040px)\">\n                            <source data-srcset=\"https:\/\/duboisauxelfes.be\/content\/uploads\/sites\/3\/2023\/08\/Teckel-male-arlequin-chocolat-7-1440x1080.jpg, https:\/\/duboisauxelfes.be\/content\/uploads\/sites\/3\/2023\/08\/Teckel-male-arlequin-chocolat-7-2880x2160.jpg 2x\" media=\"(max-width: 1440px)\">\n                            <source data-srcset=\"https:\/\/duboisauxelfes.be\/content\/uploads\/sites\/3\/2023\/08\/Teckel-male-arlequin-chocolat-7-1920x1440.jpg, https:\/\/duboisauxelfes.be\/content\/uploads\/sites\/3\/2023\/08\/Teckel-male-arlequin-chocolat-7-3840x2880.jpg 2x\" media=\"(max-width: 1920px)\">\n            \n            <img\n                class='lazyload lazypreload h-full w-full object-cover object center'                alt=\"\"                    data-srcset=\"https:\/\/duboisauxelfes.be\/content\/uploads\/sites\/3\/2023\/08\/Teckel-male-arlequin-chocolat-7-1920x1440.jpg 1x, https:\/\/duboisauxelfes.be\/content\/uploads\/sites\/3\/2023\/08\/Teckel-male-arlequin-chocolat-7-3840x2880.jpg 2x\"\n                    src=\"https:\/\/duboisauxelfes.be\/content\/uploads\/sites\/3\/2023\/08\/Teckel-male-arlequin-chocolat-7-100x75.jpg\"\/>\n\n        <\/picture>\n        <\/div>\n        <\/div>\n    <\/div>\n    <\/section>\n\n\n<section style=\"background-color: #FBFAF4;--block-pb: 6rem; padding-bottom: var(--block-pb);\" class=''>\n    <div style=\"\" class=\" wrap _with-paddings\">\n        <div class=\"  flex  w-full gap-10 relative col aspect-[1170\/407] gsap-appear\">\n            <div class=\"w-full  \">        <picture>\n                            <source data-srcset=\"https:\/\/duboisauxelfes.be\/content\/uploads\/sites\/3\/2022\/12\/685a14597de75192299b5735240b8214-620x443.jpg, https:\/\/duboisauxelfes.be\/content\/uploads\/sites\/3\/2022\/12\/685a14597de75192299b5735240b8214.jpg 2x\" media=\"(max-width: 620px)\">\n                            <source data-srcset=\"https:\/\/duboisauxelfes.be\/content\/uploads\/sites\/3\/2022\/12\/685a14597de75192299b5735240b8214-1040x743.jpg, https:\/\/duboisauxelfes.be\/content\/uploads\/sites\/3\/2022\/12\/685a14597de75192299b5735240b8214.jpg 2x\" media=\"(max-width: 1040px)\">\n                            <source data-srcset=\"https:\/\/duboisauxelfes.be\/content\/uploads\/sites\/3\/2022\/12\/685a14597de75192299b5735240b8214.jpg, https:\/\/duboisauxelfes.be\/content\/uploads\/sites\/3\/2022\/12\/685a14597de75192299b5735240b8214.jpg 2x\" media=\"(max-width: 1440px)\">\n                            <source data-srcset=\"https:\/\/duboisauxelfes.be\/content\/uploads\/sites\/3\/2022\/12\/685a14597de75192299b5735240b8214.jpg, https:\/\/duboisauxelfes.be\/content\/uploads\/sites\/3\/2022\/12\/685a14597de75192299b5735240b8214.jpg 2x\" media=\"(max-width: 1920px)\">\n            \n            <img\n                class='lazyload lazypreload h-full w-full object-cover object center'                alt=\"\"                    data-srcset=\"https:\/\/duboisauxelfes.be\/content\/uploads\/sites\/3\/2022\/12\/685a14597de75192299b5735240b8214.jpg 1x, https:\/\/duboisauxelfes.be\/content\/uploads\/sites\/3\/2022\/12\/685a14597de75192299b5735240b8214.jpg 2x\"\n                    src=\"https:\/\/duboisauxelfes.be\/content\/uploads\/sites\/3\/2022\/12\/685a14597de75192299b5735240b8214-100x71.jpg\"\/>\n\n        <\/picture>\n        <\/div>\n            <div class=\"w-full  \">        <picture>\n                            <source data-srcset=\"https:\/\/duboisauxelfes.be\/content\/uploads\/sites\/3\/2023\/08\/Tonton-Jules.jpg, https:\/\/duboisauxelfes.be\/content\/uploads\/sites\/3\/2023\/08\/Tonton-Jules.jpg 2x\" media=\"(max-width: 620px)\">\n                            <source data-srcset=\"https:\/\/duboisauxelfes.be\/content\/uploads\/sites\/3\/2023\/08\/Tonton-Jules.jpg, https:\/\/duboisauxelfes.be\/content\/uploads\/sites\/3\/2023\/08\/Tonton-Jules.jpg 2x\" media=\"(max-width: 1040px)\">\n                            <source data-srcset=\"https:\/\/duboisauxelfes.be\/content\/uploads\/sites\/3\/2023\/08\/Tonton-Jules.jpg, https:\/\/duboisauxelfes.be\/content\/uploads\/sites\/3\/2023\/08\/Tonton-Jules.jpg 2x\" media=\"(max-width: 1440px)\">\n                            <source data-srcset=\"https:\/\/duboisauxelfes.be\/content\/uploads\/sites\/3\/2023\/08\/Tonton-Jules.jpg, https:\/\/duboisauxelfes.be\/content\/uploads\/sites\/3\/2023\/08\/Tonton-Jules.jpg 2x\" media=\"(max-width: 1920px)\">\n            \n            <img\n                class='lazyload lazypreload h-full w-full object-cover object center'                alt=\"\"                    data-srcset=\"https:\/\/duboisauxelfes.be\/content\/uploads\/sites\/3\/2023\/08\/Tonton-Jules.jpg 1x, https:\/\/duboisauxelfes.be\/content\/uploads\/sites\/3\/2023\/08\/Tonton-Jules.jpg 2x\"\n                    src=\"https:\/\/duboisauxelfes.be\/content\/uploads\/sites\/3\/2023\/08\/Tonton-Jules-100x133.jpg\"\/>\n\n        <\/picture>\n        <\/div>\n        <\/div>\n    <\/div>\n    <\/section>\n\n\n<section style=\"background-color: #212229;--block-pb: 6rem; padding-bottom: var(--block-pb);\" class=''>\n    <div style=\"\" class=\" wrap _with-paddings\">\n        <ul class=\"col items-center pt-20\">\n                    <li class=\"col-span-6 tablet:col-span-12 px-12  col-start-7 row-start-1 tablet:col-start-1 tablet:row-start-2 \">\n\n                        <picture>\n                            <source data-srcset=\"https:\/\/duboisauxelfes.be\/content\/uploads\/sites\/3\/2025\/10\/Logo-2023-01-620x620.png, https:\/\/duboisauxelfes.be\/content\/uploads\/sites\/3\/2025\/10\/Logo-2023-01-1240x1240.png 2x\" media=\"(max-width: 620px)\">\n                            <source data-srcset=\"https:\/\/duboisauxelfes.be\/content\/uploads\/sites\/3\/2025\/10\/Logo-2023-01-1040x1040.png, https:\/\/duboisauxelfes.be\/content\/uploads\/sites\/3\/2025\/10\/Logo-2023-01.png 2x\" media=\"(max-width: 1040px)\">\n                            <source data-srcset=\"https:\/\/duboisauxelfes.be\/content\/uploads\/sites\/3\/2025\/10\/Logo-2023-01.png, https:\/\/duboisauxelfes.be\/content\/uploads\/sites\/3\/2025\/10\/Logo-2023-01.png 2x\" media=\"(max-width: 1440px)\">\n                            <source data-srcset=\"https:\/\/duboisauxelfes.be\/content\/uploads\/sites\/3\/2025\/10\/Logo-2023-01.png, https:\/\/duboisauxelfes.be\/content\/uploads\/sites\/3\/2025\/10\/Logo-2023-01.png 2x\" media=\"(max-width: 1920px)\">\n            \n            <img\n                class='lazyload lazypreload h-full w-full object-cover object center'                alt=\"\"                    data-srcset=\"https:\/\/duboisauxelfes.be\/content\/uploads\/sites\/3\/2025\/10\/Logo-2023-01.png 1x, https:\/\/duboisauxelfes.be\/content\/uploads\/sites\/3\/2025\/10\/Logo-2023-01.png 2x\"\n                    src=\"https:\/\/duboisauxelfes.be\/content\/uploads\/sites\/3\/2025\/10\/Logo-2023-01-100x100.png\"\/>\n\n        <\/picture>\n        \n\n            <\/li>\n                <li class=\"col-span-6 w-full tablet:col-span-12 px-24   row-start-1 col-start-1 \">\n            <svg\n        class=\"fill-beige\"         style=\"--ratio: 0.2796958487464; --width: 6rem; --height: 1.6781750924784rem; width: var(--width); height: var(--height);\"         viewBox=\"0 0 29.196 8.166\">\n    <use xlink:href='#menu__current--optimized'><\/use>\n<\/svg>\n\n            <div class=\"text-content\"><p class=\"heading-3 font-secondary\"><span style=\"color: #ffffff;\">Un label de qualit\u00e9<\/span><\/p>\n<ul>\n<li><span style=\"color: #ffffff;\">Assurance sant\u00e9 de <span style=\"text-decoration: underline;\">2 \u00e0 6<\/span> ans : couvre toute maladie, d\u00e9faut ou d\u00e9c\u00e8s<\/span><\/li>\n<li><span style=\"color: #ffffff;\">Filiation par ADN : le seul moyen d&rsquo;\u00eatre s\u00fbr que les parents du chiot sont belges et visibles \u00e0 l&rsquo;\u00e9levage (m\u00e8re <span style=\"text-decoration: underline;\">et<\/span> p\u00e8re).<\/span><\/li>\n<li><span style=\"color: #ffffff;\">Assistance \u00e0 l&rsquo;\u00e9ducation par Educadogs &#8211; 30 ann\u00e9es d&rsquo;exp\u00e9rience<\/span><\/li>\n<li><span style=\"color: #ffffff;\">Assistance apr\u00e8s adoption en cas de probl\u00e8mes li\u00e9s au chiot ou au propri\u00e9taire : gardiennage ou replacement<\/span><\/li>\n<li><span style=\"color: #ffffff;\">Chiens de pure race avec Pedigree et non consanguinit\u00e9<\/span><\/li>\n<li><span style=\"color: #ffffff;\">Certificat v\u00e9t\u00e9rinaire de suivi du chiot<\/span><\/li>\n<li><span style=\"color: #ffffff;\">Elevage professionnel et passionn\u00e9 (HK13804387)<\/span><\/li>\n<li><span style=\"color: #ffffff;\">Centre de formation pratique agr\u00e9\u00e9 pour candidats \u00e9leveurs, v\u00e9t\u00e9rinaires et soigneurs animaliers<\/span><\/li>\n<\/ul>\n<\/div>\n            <div class='list-of-buttons' >\n                                <a class='butt _gold' href=\"https:\/\/duboisauxelfes.be\/chiens\/service\/\">\n\n<span class=\"butt__text\" >Voir les conditions<\/span>\n<\/a>\n            <\/div>\n        <\/li>\n    <\/ul>\n    <svg\n        class=\"left-0 -translate-x-1\/2 fill-beige opacity-10 absolute -translate-y-[40rem]\"         style=\"--ratio: 1.5790348035551; --width: 20rem; --height: 31.580696071102rem; width: var(--width); height: var(--height);\"         viewBox=\"0 0 132.429 209.11\">\n    <use xlink:href='#logo--optimized'><\/use>\n<\/svg>\n    <\/div>\n    <\/section>\n\n","protected":false},"excerpt":{"rendered":"","protected":false},"author":2,"featured_media":0,"parent":0,"menu_order":21,"comment_status":"closed","ping_status":"closed","template":"","meta":[],"yoast_head":"<!-- This site is optimized with the Yoast SEO plugin v20.6 - https:\/\/yoast.com\/wordpress\/plugins\/seo\/ -->\n<title>Teckels - \u00c9levage du Bois aux Elfes - chiens<\/title>\n<meta name=\"robots\" content=\"index, follow, max-snippet:-1, max-image-preview:large, max-video-preview:-1\" \/>\n<link rel=\"canonical\" href=\"https:\/\/duboisauxelfes.be\/chiens\/teckels\/\" \/>\n<meta property=\"og:locale\" content=\"fr_FR\" \/>\n<meta property=\"og:type\" content=\"article\" \/>\n<meta property=\"og:title\" content=\"Teckels - \u00c9levage du Bois aux Elfes - chiens\" \/>\n<meta property=\"og:url\" content=\"https:\/\/duboisauxelfes.be\/chiens\/teckels\/\" \/>\n<meta property=\"og:site_name\" content=\"\u00c9levage du Bois aux Elfes - chiens\" \/>\n<meta property=\"article:modified_time\" content=\"2025-03-28T16:29:13+00:00\" \/>\n<meta name=\"twitter:card\" content=\"summary_large_image\" \/>\n<script type=\"application\/ld+json\" class=\"yoast-schema-graph\">{\"@context\":\"https:\/\/schema.org\",\"@graph\":[{\"@type\":\"WebPage\",\"@id\":\"https:\/\/duboisauxelfes.be\/chiens\/teckels\/\",\"url\":\"https:\/\/duboisauxelfes.be\/chiens\/teckels\/\",\"name\":\"Teckels - \u00c9levage du Bois aux Elfes - chiens\",\"isPartOf\":{\"@id\":\"https:\/\/duboisauxelfes.be\/chiens\/#website\"},\"datePublished\":\"2022-11-29T12:05:25+00:00\",\"dateModified\":\"2025-03-28T16:29:13+00:00\",\"breadcrumb\":{\"@id\":\"https:\/\/duboisauxelfes.be\/chiens\/teckels\/#breadcrumb\"},\"inLanguage\":\"fr-FR\",\"potentialAction\":[{\"@type\":\"ReadAction\",\"target\":[\"https:\/\/duboisauxelfes.be\/chiens\/teckels\/\"]}]},{\"@type\":\"BreadcrumbList\",\"@id\":\"https:\/\/duboisauxelfes.be\/chiens\/teckels\/#breadcrumb\",\"itemListElement\":[{\"@type\":\"ListItem\",\"position\":1,\"name\":\"Home\",\"item\":\"https:\/\/duboisauxelfes.be\/chiens\/\"},{\"@type\":\"ListItem\",\"position\":2,\"name\":\"Teckels\"}]},{\"@type\":\"WebSite\",\"@id\":\"https:\/\/duboisauxelfes.be\/chiens\/#website\",\"url\":\"https:\/\/duboisauxelfes.be\/chiens\/\",\"name\":\"\u00c9levage du Bois aux Elfes - chiens\",\"description\":\"\",\"potentialAction\":[{\"@type\":\"SearchAction\",\"target\":{\"@type\":\"EntryPoint\",\"urlTemplate\":\"https:\/\/duboisauxelfes.be\/chiens\/?s={search_term_string}\"},\"query-input\":\"required name=search_term_string\"}],\"inLanguage\":\"fr-FR\"}]}<\/script>\n<!-- \/ Yoast SEO plugin. -->","yoast_head_json":{"title":"Teckels - \u00c9levage du Bois aux Elfes - chiens","robots":{"index":"index","follow":"follow","max-snippet":"max-snippet:-1","max-image-preview":"max-image-preview:large","max-video-preview":"max-video-preview:-1"},"canonical":"https:\/\/duboisauxelfes.be\/chiens\/teckels\/","og_locale":"fr_FR","og_type":"article","og_title":"Teckels - \u00c9levage du Bois aux Elfes - chiens","og_url":"https:\/\/duboisauxelfes.be\/chiens\/teckels\/","og_site_name":"\u00c9levage du Bois aux Elfes - chiens","article_modified_time":"2025-03-28T16:29:13+00:00","twitter_card":"summary_large_image","schema":{"@context":"https:\/\/schema.org","@graph":[{"@type":"WebPage","@id":"https:\/\/duboisauxelfes.be\/chiens\/teckels\/","url":"https:\/\/duboisauxelfes.be\/chiens\/teckels\/","name":"Teckels - \u00c9levage du Bois aux Elfes - chiens","isPartOf":{"@id":"https:\/\/duboisauxelfes.be\/chiens\/#website"},"datePublished":"2022-11-29T12:05:25+00:00","dateModified":"2025-03-28T16:29:13+00:00","breadcrumb":{"@id":"https:\/\/duboisauxelfes.be\/chiens\/teckels\/#breadcrumb"},"inLanguage":"fr-FR","potentialAction":[{"@type":"ReadAction","target":["https:\/\/duboisauxelfes.be\/chiens\/teckels\/"]}]},{"@type":"BreadcrumbList","@id":"https:\/\/duboisauxelfes.be\/chiens\/teckels\/#breadcrumb","itemListElement":[{"@type":"ListItem","position":1,"name":"Home","item":"https:\/\/duboisauxelfes.be\/chiens\/"},{"@type":"ListItem","position":2,"name":"Teckels"}]},{"@type":"WebSite","@id":"https:\/\/duboisauxelfes.be\/chiens\/#website","url":"https:\/\/duboisauxelfes.be\/chiens\/","name":"\u00c9levage du Bois aux Elfes - chiens","description":"","potentialAction":[{"@type":"SearchAction","target":{"@type":"EntryPoint","urlTemplate":"https:\/\/duboisauxelfes.be\/chiens\/?s={search_term_string}"},"query-input":"required name=search_term_string"}],"inLanguage":"fr-FR"}]}},"_links":{"self":[{"href":"https:\/\/duboisauxelfes.be\/chiens\/wp-json\/wp\/v2\/pages\/26"}],"collection":[{"href":"https:\/\/duboisauxelfes.be\/chiens\/wp-json\/wp\/v2\/pages"}],"about":[{"href":"https:\/\/duboisauxelfes.be\/chiens\/wp-json\/wp\/v2\/types\/page"}],"author":[{"embeddable":true,"href":"https:\/\/duboisauxelfes.be\/chiens\/wp-json\/wp\/v2\/users\/2"}],"replies":[{"embeddable":true,"href":"https:\/\/duboisauxelfes.be\/chiens\/wp-json\/wp\/v2\/comments?post=26"}],"version-history":[{"count":61,"href":"https:\/\/duboisauxelfes.be\/chiens\/wp-json\/wp\/v2\/pages\/26\/revisions"}],"predecessor-version":[{"id":9396,"href":"https:\/\/duboisauxelfes.be\/chiens\/wp-json\/wp\/v2\/pages\/26\/revisions\/9396"}],"wp:attachment":[{"href":"https:\/\/duboisauxelfes.be\/chiens\/wp-json\/wp\/v2\/media?parent=26"}],"curies":[{"name":"wp","href":"https:\/\/api.w.org\/{rel}","templated":true}]}}