{"id":234,"date":"2022-12-01T14:34:10","date_gmt":"2022-12-01T13:34:10","guid":{"rendered":"http:\/\/du-bois-aux-elfes.onie.be\/chiens\/?page_id=234"},"modified":"2026-05-03T15:19:08","modified_gmt":"2026-05-03T13:19:08","slug":"conseils-deducation","status":"publish","type":"page","link":"https:\/\/duboisauxelfes.be\/chiens\/conseils-deducation\/","title":{"rendered":"Documents utiles"},"content":{"rendered":"<section style=\"--block-mt: 12rem; margin-top: var(--block-mt);\" class='text-center'>\n    <div style=\"\" class=\" wrap _with-paddings\">\n        <div class=\"text-content\" oat=\"fade-top\"><p class=\"heading-2 font-secondary\" style=\"text-align: center;\">Documents utiles<\/p><\/div>\n    <\/div>\n    <\/section>\n\n\n\n<section style=\"--block-pt: 6rem; padding-top: var(--block-pt);--block-pb: 6rem; padding-bottom: var(--block-pb);\" class='relative z-20'>\n    <div style=\"\" class=\" wrap-md _with-paddings\">\n        <div class=\"text-content\" oat=\"fade-top\"><div><strong class=\"heading-6\">Nous mettons ici \u00e0 votre disposition plusieurs documents \u00e0 lire absolument avant d&rsquo;adpoter votre chiot :<br \/>\n&#8211; Notre contrat de cession sui generis, document que tous nos adoptants signent le jour du d\u00e9part de leur chiot, et qui d\u00e9crit nos conditions de garantie et services<br \/>\n&#8211;  Notre guide de l&rsquo;adoptant qui contient absolument toutes les informations utiles pour vous aider d&rsquo;une part dans le choix du chiot, mais aussi dans la pr\u00e9paration de son arriv\u00e9e et pour vos d\u00e9buts avec lui (mat\u00e9riel, alimentation, soins, suivi v\u00e9t\u00e9rinaire, etc)<br \/>\n&#8211; Education du chiot et \u00e9ducateurs canins : notre assistance Educadogs.<br \/>\n&#8211; Chien, vie et sant\u00e9 : le rappel de vaccin, en a-t-il r\u00e9ellement besoin ?<br \/>\n&#8211; La lepto, conna\u00eetre les risques<br \/>\n<\/strong><\/div>\n<div class=\"heading-6\"><\/div>\n<div class=\"heading-6\">Nous ne pouvons qu\u2019insister sur l\u2019importance d\u2019une bonne \u00e9ducation. Celle-ci doit d\u00e9marrer d\u00e8s l\u2019arriv\u00e9e de votre chiot afin de garantir un bon d\u00e9part et vous permettre de passer avec lui entre 12 et 14 ans (parfois un peu plus) de tr\u00e8s bons moments.<\/div>\n<div class=\"heading-6\"><\/div>\n<div class=\"heading-6\">Notre ASBL vous offre d\u00e8s lors une formation \u00e9ducative du chiot, en collaboration avec Educadogs (S\u00e9bastien Boucher), qui poss\u00e8de plus de 25 ans d\u2019exp\u00e9rience en mati\u00e8re d\u2019\u00e9ducation canine. Cette d\u00e9marche s\u2019inscrit dans notre approche de haute qualit\u00e9.<\/span><\/p>\n<div class=\"heading-6\"><\/div>\n<div>Nous ne pourrons \u00eatre tenus pour responsables des probl\u00e8mes comportementaux li\u00e9s \u00e0 une mauvaise \u00e9ducation par les propri\u00e9taires.<\/div>\n<div class=\"heading-6\"><\/div>\n<div class=\"heading-6\">N\u2019h\u00e9sitez pas \u00e0 nous contacter.<\/div><\/div>\n    <\/div>\n    <\/section>\n\n\n\n<section style=\"--block-mb: 8rem; margin-bottom: var(--block-mb);\" class=''>\n    <div style=\"\" class=\" wrap-md _with-paddings\">\n        <div class=\"description-list list-link\">\n                            <div class=\"text-2xl font-secondary\">Brochures \u00e0 t\u00e9l\u00e9charger<\/div>\n                <ul class=\"text-xs\">\n\n                                            <li class=\"text-content flex justify-between\">\n                            <div>Contrat de cession sui generis<\/div>\n                            <div class=\"-mt-14\"><div class='list-of-buttons' >\n                                <a class='butt' download=\"Contrat-de-cession-sui-generis-.pdf\" target=\"_blank\" href=\"https:\/\/duboisauxelfes.be\/content\/uploads\/sites\/3\/2026\/05\/Contrat-de-cession-sui-generis-.pdf\">\n\n<span class=\"butt__text\" >T\u00e9l\u00e9charger<\/span>\n<\/a>\n            <\/div>\n<\/div>\n                        <\/li>\n\n                                            <li class=\"text-content flex justify-between\">\n                            <div>Guide pratique de l&#039;adoptant<\/div>\n                            <div class=\"-mt-14\"><div class='list-of-buttons' >\n                                <a class='butt _dark' download=\"Guide-pratique-de-ladoptant-mai-2026.pdf\" target=\"_blank\" href=\"https:\/\/duboisauxelfes.be\/content\/uploads\/sites\/3\/2026\/05\/Guide-pratique-de-ladoptant-mai-2026.pdf\">\n\n<span class=\"butt__text\" >T\u00e9l\u00e9charger<\/span>\n<\/a>\n            <\/div>\n<\/div>\n                        <\/li>\n\n                                            <li class=\"text-content flex justify-between\">\n                            <div>Education du chiot et coordonne\u0301es d&#039;e\u0301ducateurs canins<\/div>\n                            <div class=\"-mt-14\"><div class='list-of-buttons' >\n                                <a class='butt _dark' download=\"Education-du-chiot-pour-Documents-Utiles-sur-site-web-Coordonnees-educateurs.pdf\" target=\"_blank\" href=\"https:\/\/duboisauxelfes.be\/content\/uploads\/sites\/3\/2025\/07\/Education-du-chiot-pour-Documents-Utiles-sur-site-web-Coordonnees-educateurs.pdf\">\n\n<span class=\"butt__text\" >T\u00e9l\u00e9charger<\/span>\n<\/a>\n            <\/div>\n<\/div>\n                        <\/li>\n\n                                            <li class=\"text-content flex justify-between\">\n                            <div>Chien, vie et sant\u00e9 : le rappel de vaccin, en a-t-il r\u00e9ellement besoin ?<\/div>\n                            <div class=\"-mt-14\"><div class='list-of-buttons' >\n                                <a class='butt _dark' download=\"Rappel-de-vaccin-_-votre-chien-en-a-t-il-reellement-besoin-_-_-Chien-Vie-et-Sante.pdf\" target=\"_blank\" href=\"https:\/\/duboisauxelfes.be\/content\/uploads\/sites\/3\/2025\/07\/Rappel-de-vaccin-_-votre-chien-en-a-t-il-reellement-besoin-_-_-Chien-Vie-et-Sante.pdf\">\n\n<span class=\"butt__text\" >T\u00e9l\u00e9charger<\/span>\n<\/a>\n            <\/div>\n<\/div>\n                        <\/li>\n\n                                            <li class=\"text-content flex justify-between\">\n                            <div>La lepto, conna\u00eetre les risques<\/div>\n                            <div class=\"-mt-14\"><div class='list-of-buttons' >\n                                <a class='butt _dark' download=\"LA-LEPTO-_-CONNAITRE-LES-RISQUES-Site-de-vismedicatrixnaturae-La-nature-est-guerisseuse-Remedes-naturels-pour-chiens-et-chats.pdf\" target=\"_blank\" href=\"https:\/\/duboisauxelfes.be\/content\/uploads\/sites\/3\/2025\/07\/LA-LEPTO-_-CONNAITRE-LES-RISQUES-Site-de-vismedicatrixnaturae-La-nature-est-guerisseuse-Remedes-naturels-pour-chiens-et-chats.pdf\">\n\n<span class=\"butt__text\" >T\u00e9l\u00e9charger<\/span>\n<\/a>\n            <\/div>\n<\/div>\n                        <\/li>\n\n                                            <li class=\"text-content flex justify-between\">\n                            <div>Petit manuel d\u2019e\u0301ducation du chiot<\/div>\n                            <div class=\"-mt-14\"><div class='list-of-buttons' >\n                                <a class='butt _dark' download=\"Petit-manuel-deducation-du-chiot-SRSH.pdf\" target=\"_blank\" href=\"https:\/\/duboisauxelfes.be\/content\/uploads\/sites\/3\/2023\/02\/Petit-manuel-deducation-du-chiot-SRSH.pdf\">\n\n<span class=\"butt__text\" >T\u00e9l\u00e9charger<\/span>\n<\/a>\n            <\/div>\n<\/div>\n                        <\/li>\n\n                                            <li class=\"text-content flex justify-between\">\n                            <div>Beknopte handleiding voor de opvoeding van puppies<\/div>\n                            <div class=\"-mt-14\"><div class='list-of-buttons' >\n                                <a class='butt _dark' download=\"Beknopte-handleiding-voor-de-opvoeding-van-puppies-KMSH.pdf\" target=\"_blank\" href=\"https:\/\/duboisauxelfes.be\/content\/uploads\/sites\/3\/2023\/02\/Beknopte-handleiding-voor-de-opvoeding-van-puppies-KMSH.pdf\">\n\n<span class=\"butt__text\" >T\u00e9l\u00e9charger<\/span>\n<\/a>\n            <\/div>\n<\/div>\n                        <\/li>\n\n                    \n                <\/ul>\n        <\/div>\n                        <div class=\"text-2xl font-secondary\"><\/div>\n                <ul class=\"text-xs\">\n\n                    \n                <\/ul>\n        <\/div>\n    <\/div>\n    <\/section>\n\n","protected":false},"excerpt":{"rendered":"","protected":false},"author":2,"featured_media":0,"parent":0,"menu_order":14,"comment_status":"closed","ping_status":"closed","template":"","meta":[],"yoast_head":"<!-- This site is optimized with the Yoast SEO plugin v20.6 - https:\/\/yoast.com\/wordpress\/plugins\/seo\/ -->\n<title>Documents utiles - \u00c9levage du Bois aux Elfes - chiens<\/title>\n<meta name=\"robots\" content=\"index, follow, max-snippet:-1, max-image-preview:large, max-video-preview:-1\" \/>\n<link rel=\"canonical\" href=\"https:\/\/duboisauxelfes.be\/chiens\/conseils-deducation\/\" \/>\n<meta property=\"og:locale\" content=\"fr_FR\" \/>\n<meta property=\"og:type\" content=\"article\" \/>\n<meta property=\"og:title\" content=\"Documents utiles - \u00c9levage du Bois aux Elfes - chiens\" \/>\n<meta property=\"og:url\" content=\"https:\/\/duboisauxelfes.be\/chiens\/conseils-deducation\/\" \/>\n<meta property=\"og:site_name\" content=\"\u00c9levage du Bois aux Elfes - chiens\" \/>\n<meta property=\"article:modified_time\" content=\"2026-05-03T13:19:08+00:00\" \/>\n<meta name=\"twitter:card\" content=\"summary_large_image\" \/>\n<script type=\"application\/ld+json\" class=\"yoast-schema-graph\">{\"@context\":\"https:\/\/schema.org\",\"@graph\":[{\"@type\":\"WebPage\",\"@id\":\"https:\/\/duboisauxelfes.be\/chiens\/conseils-deducation\/\",\"url\":\"https:\/\/duboisauxelfes.be\/chiens\/conseils-deducation\/\",\"name\":\"Documents utiles - \u00c9levage du Bois aux Elfes - chiens\",\"isPartOf\":{\"@id\":\"https:\/\/duboisauxelfes.be\/chiens\/#website\"},\"datePublished\":\"2022-12-01T13:34:10+00:00\",\"dateModified\":\"2026-05-03T13:19:08+00:00\",\"breadcrumb\":{\"@id\":\"https:\/\/duboisauxelfes.be\/chiens\/conseils-deducation\/#breadcrumb\"},\"inLanguage\":\"fr-FR\",\"potentialAction\":[{\"@type\":\"ReadAction\",\"target\":[\"https:\/\/duboisauxelfes.be\/chiens\/conseils-deducation\/\"]}]},{\"@type\":\"BreadcrumbList\",\"@id\":\"https:\/\/duboisauxelfes.be\/chiens\/conseils-deducation\/#breadcrumb\",\"itemListElement\":[{\"@type\":\"ListItem\",\"position\":1,\"name\":\"Home\",\"item\":\"https:\/\/duboisauxelfes.be\/chiens\/\"},{\"@type\":\"ListItem\",\"position\":2,\"name\":\"Documents utiles\"}]},{\"@type\":\"WebSite\",\"@id\":\"https:\/\/duboisauxelfes.be\/chiens\/#website\",\"url\":\"https:\/\/duboisauxelfes.be\/chiens\/\",\"name\":\"\u00c9levage du Bois aux Elfes - chiens\",\"description\":\"\",\"potentialAction\":[{\"@type\":\"SearchAction\",\"target\":{\"@type\":\"EntryPoint\",\"urlTemplate\":\"https:\/\/duboisauxelfes.be\/chiens\/?s={search_term_string}\"},\"query-input\":\"required name=search_term_string\"}],\"inLanguage\":\"fr-FR\"}]}<\/script>\n<!-- \/ Yoast SEO plugin. -->","yoast_head_json":{"title":"Documents utiles - \u00c9levage du Bois aux Elfes - chiens","robots":{"index":"index","follow":"follow","max-snippet":"max-snippet:-1","max-image-preview":"max-image-preview:large","max-video-preview":"max-video-preview:-1"},"canonical":"https:\/\/duboisauxelfes.be\/chiens\/conseils-deducation\/","og_locale":"fr_FR","og_type":"article","og_title":"Documents utiles - \u00c9levage du Bois aux Elfes - chiens","og_url":"https:\/\/duboisauxelfes.be\/chiens\/conseils-deducation\/","og_site_name":"\u00c9levage du Bois aux Elfes - chiens","article_modified_time":"2026-05-03T13:19:08+00:00","twitter_card":"summary_large_image","schema":{"@context":"https:\/\/schema.org","@graph":[{"@type":"WebPage","@id":"https:\/\/duboisauxelfes.be\/chiens\/conseils-deducation\/","url":"https:\/\/duboisauxelfes.be\/chiens\/conseils-deducation\/","name":"Documents utiles - \u00c9levage du Bois aux Elfes - chiens","isPartOf":{"@id":"https:\/\/duboisauxelfes.be\/chiens\/#website"},"datePublished":"2022-12-01T13:34:10+00:00","dateModified":"2026-05-03T13:19:08+00:00","breadcrumb":{"@id":"https:\/\/duboisauxelfes.be\/chiens\/conseils-deducation\/#breadcrumb"},"inLanguage":"fr-FR","potentialAction":[{"@type":"ReadAction","target":["https:\/\/duboisauxelfes.be\/chiens\/conseils-deducation\/"]}]},{"@type":"BreadcrumbList","@id":"https:\/\/duboisauxelfes.be\/chiens\/conseils-deducation\/#breadcrumb","itemListElement":[{"@type":"ListItem","position":1,"name":"Home","item":"https:\/\/duboisauxelfes.be\/chiens\/"},{"@type":"ListItem","position":2,"name":"Documents utiles"}]},{"@type":"WebSite","@id":"https:\/\/duboisauxelfes.be\/chiens\/#website","url":"https:\/\/duboisauxelfes.be\/chiens\/","name":"\u00c9levage du Bois aux Elfes - chiens","description":"","potentialAction":[{"@type":"SearchAction","target":{"@type":"EntryPoint","urlTemplate":"https:\/\/duboisauxelfes.be\/chiens\/?s={search_term_string}"},"query-input":"required name=search_term_string"}],"inLanguage":"fr-FR"}]}},"_links":{"self":[{"href":"https:\/\/duboisauxelfes.be\/chiens\/wp-json\/wp\/v2\/pages\/234"}],"collection":[{"href":"https:\/\/duboisauxelfes.be\/chiens\/wp-json\/wp\/v2\/pages"}],"about":[{"href":"https:\/\/duboisauxelfes.be\/chiens\/wp-json\/wp\/v2\/types\/page"}],"author":[{"embeddable":true,"href":"https:\/\/duboisauxelfes.be\/chiens\/wp-json\/wp\/v2\/users\/2"}],"replies":[{"embeddable":true,"href":"https:\/\/duboisauxelfes.be\/chiens\/wp-json\/wp\/v2\/comments?post=234"}],"version-history":[{"count":168,"href":"https:\/\/duboisauxelfes.be\/chiens\/wp-json\/wp\/v2\/pages\/234\/revisions"}],"predecessor-version":[{"id":12386,"href":"https:\/\/duboisauxelfes.be\/chiens\/wp-json\/wp\/v2\/pages\/234\/revisions\/12386"}],"wp:attachment":[{"href":"https:\/\/duboisauxelfes.be\/chiens\/wp-json\/wp\/v2\/media?parent=234"}],"curies":[{"name":"wp","href":"https:\/\/api.w.org\/{rel}","templated":true}]}}