{"id":1046,"date":"2022-12-14T15:06:04","date_gmt":"2022-12-14T14:06:04","guid":{"rendered":"https:\/\/du-bois-aux-elfes.onie.be\/chiens\/?page_id=1046"},"modified":"2025-08-08T11:00:26","modified_gmt":"2025-08-08T09:00:26","slug":"pedigree","status":"publish","type":"page","link":"https:\/\/duboisauxelfes.be\/chiens\/pedigree\/","title":{"rendered":"Pedigree"},"content":{"rendered":"<section style=\"--block-mt: 12rem; margin-top: var(--block-mt);\" class='relative z-20'>\n    <div style=\"\" class=\" wrap-md _with-paddings\">\n        <div class=\"text-content\" oat=\"fade-top\"><p class=\"heading-2 font-secondary\" style=\"text-align: center;\">Pedigree<\/p>\n<p>&nbsp;<\/p>\n<p style=\"text-align: center;\">Qu&rsquo;est-ce qu&rsquo;un pedigree ?<\/p>\n<p>&nbsp;<\/p>\n<p style=\"text-align: center;\">C&rsquo;est un arbre g\u00e9n\u00e9alogique sur lequel sont consign\u00e9s les ascendants du chiot sur 3 ou 4 g\u00e9n\u00e9rations.<br \/>\nLe pedigree a lui seul ne repr\u00e9sente aucune garantie de qualit\u00e9.<br \/>\nUn pedigree est avant tout un document de travail pour l&rsquo;\u00e9leveur qui lui permet de s\u00e9lectionner ses reproducteurs et de r\u00e9aliser ses mariages en \u00e9vitant toute consanguinit\u00e9. La s\u00e9lection s&rsquo;op\u00e8re, pour les reproducteurs, tant au niveau morphologique qu&rsquo;au niveau comportemental.<\/p>\n<p>&nbsp;<\/p>\n<p style=\"text-align: center;\"> En tant qu&rsquo;experts en cynotechnie de reproduction, afin de garantir la qualit\u00e9 de notre \u00e9levage, nous pratiquons une s\u00e9lection ph\u00e9notypique d&rsquo;am\u00e9lioration : nous s\u00e9lectionnons des reproducteurs avec et sans origines connues.<br \/>\nCeci nous permet de corriger les d\u00e9fauts (c&rsquo;est-\u00e0-dire les hypertypes) des chiens de race pure que nous avons rencontr\u00e9s dans notre pratique professionnelle.<\/p>\n<p>&nbsp;<\/p>\n<p style=\"text-align: center;\">Nos chiots re\u00e7oivent un pedigree \u00e9dit\u00e9 de fa\u00e7on ind\u00e9pendante par notre ASBL : le pedigree du Domaine du Bois aux Elfes. De m\u00eame, ils re\u00e7oivent tous le certificat ADN r\u00e9alis\u00e9 en laboratoire, qui atteste de fa\u00e7on s\u00fbr et certaine leur filiation et qui est une preuve de non consanguinit\u00e9. Pour les raisons invoqu\u00e9es ci-avant, il se peut que certains ascendants du chiot soient manquants.<\/p><\/div>\n    <\/div>\n    <\/section>\n\n\n\n<section style=\"--block-pb: 5rem; padding-bottom: var(--block-pb);\" class=''>\n    <div style=\"\" class=\" wrap _with-paddings\">\n        \n    <\/div>\n    <\/section>\n","protected":false},"excerpt":{"rendered":"","protected":false},"author":2,"featured_media":0,"parent":0,"menu_order":6,"comment_status":"closed","ping_status":"closed","template":"","meta":[],"yoast_head":"<!-- This site is optimized with the Yoast SEO plugin v20.6 - https:\/\/yoast.com\/wordpress\/plugins\/seo\/ -->\n<title>Pedigree - \u00c9levage du Bois aux Elfes - chiens<\/title>\n<meta name=\"robots\" content=\"index, follow, max-snippet:-1, max-image-preview:large, max-video-preview:-1\" \/>\n<link rel=\"canonical\" href=\"https:\/\/duboisauxelfes.be\/chiens\/pedigree\/\" \/>\n<meta property=\"og:locale\" content=\"fr_FR\" \/>\n<meta property=\"og:type\" content=\"article\" \/>\n<meta property=\"og:title\" content=\"Pedigree - \u00c9levage du Bois aux Elfes - chiens\" \/>\n<meta property=\"og:url\" content=\"https:\/\/duboisauxelfes.be\/chiens\/pedigree\/\" \/>\n<meta property=\"og:site_name\" content=\"\u00c9levage du Bois aux Elfes - chiens\" \/>\n<meta property=\"article:modified_time\" content=\"2025-08-08T09:00:26+00:00\" \/>\n<meta name=\"twitter:card\" content=\"summary_large_image\" \/>\n<script type=\"application\/ld+json\" class=\"yoast-schema-graph\">{\"@context\":\"https:\/\/schema.org\",\"@graph\":[{\"@type\":\"WebPage\",\"@id\":\"https:\/\/duboisauxelfes.be\/chiens\/pedigree\/\",\"url\":\"https:\/\/duboisauxelfes.be\/chiens\/pedigree\/\",\"name\":\"Pedigree - \u00c9levage du Bois aux Elfes - chiens\",\"isPartOf\":{\"@id\":\"https:\/\/duboisauxelfes.be\/chiens\/#website\"},\"datePublished\":\"2022-12-14T14:06:04+00:00\",\"dateModified\":\"2025-08-08T09:00:26+00:00\",\"breadcrumb\":{\"@id\":\"https:\/\/duboisauxelfes.be\/chiens\/pedigree\/#breadcrumb\"},\"inLanguage\":\"fr-FR\",\"potentialAction\":[{\"@type\":\"ReadAction\",\"target\":[\"https:\/\/duboisauxelfes.be\/chiens\/pedigree\/\"]}]},{\"@type\":\"BreadcrumbList\",\"@id\":\"https:\/\/duboisauxelfes.be\/chiens\/pedigree\/#breadcrumb\",\"itemListElement\":[{\"@type\":\"ListItem\",\"position\":1,\"name\":\"Home\",\"item\":\"https:\/\/duboisauxelfes.be\/chiens\/\"},{\"@type\":\"ListItem\",\"position\":2,\"name\":\"Pedigree\"}]},{\"@type\":\"WebSite\",\"@id\":\"https:\/\/duboisauxelfes.be\/chiens\/#website\",\"url\":\"https:\/\/duboisauxelfes.be\/chiens\/\",\"name\":\"\u00c9levage du Bois aux Elfes - chiens\",\"description\":\"\",\"potentialAction\":[{\"@type\":\"SearchAction\",\"target\":{\"@type\":\"EntryPoint\",\"urlTemplate\":\"https:\/\/duboisauxelfes.be\/chiens\/?s={search_term_string}\"},\"query-input\":\"required name=search_term_string\"}],\"inLanguage\":\"fr-FR\"}]}<\/script>\n<!-- \/ Yoast SEO plugin. -->","yoast_head_json":{"title":"Pedigree - \u00c9levage du Bois aux Elfes - chiens","robots":{"index":"index","follow":"follow","max-snippet":"max-snippet:-1","max-image-preview":"max-image-preview:large","max-video-preview":"max-video-preview:-1"},"canonical":"https:\/\/duboisauxelfes.be\/chiens\/pedigree\/","og_locale":"fr_FR","og_type":"article","og_title":"Pedigree - \u00c9levage du Bois aux Elfes - chiens","og_url":"https:\/\/duboisauxelfes.be\/chiens\/pedigree\/","og_site_name":"\u00c9levage du Bois aux Elfes - chiens","article_modified_time":"2025-08-08T09:00:26+00:00","twitter_card":"summary_large_image","schema":{"@context":"https:\/\/schema.org","@graph":[{"@type":"WebPage","@id":"https:\/\/duboisauxelfes.be\/chiens\/pedigree\/","url":"https:\/\/duboisauxelfes.be\/chiens\/pedigree\/","name":"Pedigree - \u00c9levage du Bois aux Elfes - chiens","isPartOf":{"@id":"https:\/\/duboisauxelfes.be\/chiens\/#website"},"datePublished":"2022-12-14T14:06:04+00:00","dateModified":"2025-08-08T09:00:26+00:00","breadcrumb":{"@id":"https:\/\/duboisauxelfes.be\/chiens\/pedigree\/#breadcrumb"},"inLanguage":"fr-FR","potentialAction":[{"@type":"ReadAction","target":["https:\/\/duboisauxelfes.be\/chiens\/pedigree\/"]}]},{"@type":"BreadcrumbList","@id":"https:\/\/duboisauxelfes.be\/chiens\/pedigree\/#breadcrumb","itemListElement":[{"@type":"ListItem","position":1,"name":"Home","item":"https:\/\/duboisauxelfes.be\/chiens\/"},{"@type":"ListItem","position":2,"name":"Pedigree"}]},{"@type":"WebSite","@id":"https:\/\/duboisauxelfes.be\/chiens\/#website","url":"https:\/\/duboisauxelfes.be\/chiens\/","name":"\u00c9levage du Bois aux Elfes - chiens","description":"","potentialAction":[{"@type":"SearchAction","target":{"@type":"EntryPoint","urlTemplate":"https:\/\/duboisauxelfes.be\/chiens\/?s={search_term_string}"},"query-input":"required name=search_term_string"}],"inLanguage":"fr-FR"}]}},"_links":{"self":[{"href":"https:\/\/duboisauxelfes.be\/chiens\/wp-json\/wp\/v2\/pages\/1046"}],"collection":[{"href":"https:\/\/duboisauxelfes.be\/chiens\/wp-json\/wp\/v2\/pages"}],"about":[{"href":"https:\/\/duboisauxelfes.be\/chiens\/wp-json\/wp\/v2\/types\/page"}],"author":[{"embeddable":true,"href":"https:\/\/duboisauxelfes.be\/chiens\/wp-json\/wp\/v2\/users\/2"}],"replies":[{"embeddable":true,"href":"https:\/\/duboisauxelfes.be\/chiens\/wp-json\/wp\/v2\/comments?post=1046"}],"version-history":[{"count":85,"href":"https:\/\/duboisauxelfes.be\/chiens\/wp-json\/wp\/v2\/pages\/1046\/revisions"}],"predecessor-version":[{"id":10262,"href":"https:\/\/duboisauxelfes.be\/chiens\/wp-json\/wp\/v2\/pages\/1046\/revisions\/10262"}],"wp:attachment":[{"href":"https:\/\/duboisauxelfes.be\/chiens\/wp-json\/wp\/v2\/media?parent=1046"}],"curies":[{"name":"wp","href":"https:\/\/api.w.org\/{rel}","templated":true}]}}